{"id":34710,"date":"2025-11-10T12:26:21","date_gmt":"2025-11-10T11:26:21","guid":{"rendered":"https:\/\/www.ernstbrunn-apotheke.at\/katalog\/produkt\/primavera-aetherisches-oel-pfefferminze-5-ml\/"},"modified":"2025-12-08T15:34:27","modified_gmt":"2025-12-08T14:34:27","slug":"primavera-aetherisches-oel-pfefferminze-5-ml","status":"publish","type":"product","link":"https:\/\/www.ernstbrunn-apotheke.at\/katalog\/produkt\/primavera-aetherisches-oel-pfefferminze-5-ml\/","title":{"rendered":"Primavera \u00c4therisches \u00d6l Pfefferminze 5 ml"},"content":{"rendered":"<p>In der Naturheilkunde findet die Pfefferminze Verwendung bei Magen-, Erk\u00e4ltungs- und Muskelbeschwerden &#8211; mit hohem Rabatt bestellen!<\/p>\n","protected":false},"excerpt":{"rendered":"<p>In der Naturheilkunde findet die Pfefferminze Verwendung bei Magen-, Erk\u00e4ltungs- und Muskelbeschwerden &#8211; mit hohem Rabatt bestellen!<\/p>\n","protected":false},"featured_media":34712,"template":"","meta":{"_acf_changed":false},"product_brand":[806],"product_cat":[793],"product_tag":[],"class_list":{"0":"post-34710","1":"product","2":"type-product","3":"status-publish","4":"has-post-thumbnail","6":"product_brand-primavera","7":"product_cat-p","8":"pa_packungsgroesse-5ml","10":"first","11":"instock","12":"shipping-taxable","13":"purchasable","14":"product-type-simple"},"acf":[],"_links":{"self":[{"href":"https:\/\/www.ernstbrunn-apotheke.at\/katalog\/wp-json\/wp\/v2\/product\/34710","targetHints":{"allow":["GET"]}}],"collection":[{"href":"https:\/\/www.ernstbrunn-apotheke.at\/katalog\/wp-json\/wp\/v2\/product"}],"about":[{"href":"https:\/\/www.ernstbrunn-apotheke.at\/katalog\/wp-json\/wp\/v2\/types\/product"}],"wp:featuredmedia":[{"embeddable":true,"href":"https:\/\/www.ernstbrunn-apotheke.at\/katalog\/wp-json\/wp\/v2\/media\/34712"}],"wp:attachment":[{"href":"https:\/\/www.ernstbrunn-apotheke.at\/katalog\/wp-json\/wp\/v2\/media?parent=34710"}],"wp:term":[{"taxonomy":"product_brand","embeddable":true,"href":"https:\/\/www.ernstbrunn-apotheke.at\/katalog\/wp-json\/wp\/v2\/product_brand?post=34710"},{"taxonomy":"product_cat","embeddable":true,"href":"https:\/\/www.ernstbrunn-apotheke.at\/katalog\/wp-json\/wp\/v2\/product_cat?post=34710"},{"taxonomy":"product_tag","embeddable":true,"href":"https:\/\/www.ernstbrunn-apotheke.at\/katalog\/wp-json\/wp\/v2\/product_tag?post=34710"}],"curies":[{"name":"wp","href":"https:\/\/api.w.org\/{rel}","templated":true}]}}