{"id":34681,"date":"2025-11-10T12:26:02","date_gmt":"2025-11-10T11:26:02","guid":{"rendered":"https:\/\/www.ernstbrunn-apotheke.at\/katalog\/produkt\/vitis-gingival-zahnpaste-100-ml\/"},"modified":"2025-12-08T15:34:14","modified_gmt":"2025-12-08T14:34:14","slug":"vitis-gingival-zahnpaste-100-ml","status":"publish","type":"product","link":"https:\/\/www.ernstbrunn-apotheke.at\/katalog\/produkt\/vitis-gingival-zahnpaste-100-ml\/","title":{"rendered":"Vitis Gingival Zahnpaste 100 ml"},"content":{"rendered":"<p>Vitis Gingival Zahnpasta eignet sich speziell f\u00fcr Personen, die zu Zahnfleischproblemen neigen. Sei verringert die Ansammlung von Zahnbelag, hemmt Plaquebildung, sch\u00fctzt vor Zahnfleischentz\u00fcndungen und sorgt f\u00fcr frischen Atem.<\/p>\n","protected":false},"excerpt":{"rendered":"<p>Vitis Gingival Zahnpasta eignet sich speziell f\u00fcr Personen, die zu Zahnfleischproblemen neigen. Sei verringert die Ansammlung von Zahnbelag, hemmt Plaquebildung, sch\u00fctzt vor Zahnfleischentz\u00fcndungen und sorgt f\u00fcr frischen Atem.<\/p>\n","protected":false},"featured_media":0,"template":"","meta":{"_acf_changed":false},"product_brand":[],"product_cat":[799],"product_tag":[],"class_list":{"0":"post-34681","1":"product","2":"type-product","3":"status-publish","5":"product_cat-v","6":"pa_packungsgroesse-100ml","8":"first","9":"instock","10":"shipping-taxable","11":"purchasable","12":"product-type-simple"},"acf":[],"_links":{"self":[{"href":"https:\/\/www.ernstbrunn-apotheke.at\/katalog\/wp-json\/wp\/v2\/product\/34681","targetHints":{"allow":["GET"]}}],"collection":[{"href":"https:\/\/www.ernstbrunn-apotheke.at\/katalog\/wp-json\/wp\/v2\/product"}],"about":[{"href":"https:\/\/www.ernstbrunn-apotheke.at\/katalog\/wp-json\/wp\/v2\/types\/product"}],"wp:attachment":[{"href":"https:\/\/www.ernstbrunn-apotheke.at\/katalog\/wp-json\/wp\/v2\/media?parent=34681"}],"wp:term":[{"taxonomy":"product_brand","embeddable":true,"href":"https:\/\/www.ernstbrunn-apotheke.at\/katalog\/wp-json\/wp\/v2\/product_brand?post=34681"},{"taxonomy":"product_cat","embeddable":true,"href":"https:\/\/www.ernstbrunn-apotheke.at\/katalog\/wp-json\/wp\/v2\/product_cat?post=34681"},{"taxonomy":"product_tag","embeddable":true,"href":"https:\/\/www.ernstbrunn-apotheke.at\/katalog\/wp-json\/wp\/v2\/product_tag?post=34681"}],"curies":[{"name":"wp","href":"https:\/\/api.w.org\/{rel}","templated":true}]}}