{"id":34610,"date":"2025-11-10T12:24:50","date_gmt":"2025-11-10T11:24:50","guid":{"rendered":"https:\/\/www.ernstbrunn-apotheke.at\/katalog\/produkt\/oral-b-zahnbuerste-vital-cro-activetime-1-stk\/"},"modified":"2025-12-08T15:33:35","modified_gmt":"2025-12-08T14:33:35","slug":"oral-b-zahnbuerste-vital-cro-activetime-1-stk","status":"publish","type":"product","link":"https:\/\/www.ernstbrunn-apotheke.at\/katalog\/produkt\/oral-b-zahnbuerste-vital-cro-activetime-1-stk\/","title":{"rendered":"Oral B Zahnb\u00fcrste Vital Cro Active+Time 1 Stk."},"content":{"rendered":"<p>Ratiopharm ist zust\u00e4ndig f\u00fcr die Entwicklung und den Vertrieb preiswerter Markengenerika, forschungsintensiver Biologicals, Originalpr\u00e4parate, OTC Produkte.Das Sortiment deckt nahezu alle Anwendungsgebiete ab und ist eines der gr\u00f6\u00dften und umfangreichsten im Markt<\/p>\n","protected":false},"excerpt":{"rendered":"<p>Ratiopharm ist zust\u00e4ndig f\u00fcr die Entwicklung und den Vertrieb preiswerter Markengenerika, forschungsintensiver Biologicals, Originalpr\u00e4parate, OTC Produkte.Das Sortiment deckt nahezu alle Anwendungsgebiete ab und ist eines der gr\u00f6\u00dften und umfangreichsten im Markt<\/p>\n","protected":false},"featured_media":0,"template":"","meta":{"_acf_changed":false},"product_brand":[879],"product_cat":[819],"product_tag":[],"class_list":{"0":"post-34610","1":"product","2":"type-product","3":"status-publish","5":"product_brand-oral-b","6":"product_cat-o","7":"pa_packungsgroesse-1-stueck","9":"first","10":"instock","11":"shipping-taxable","12":"purchasable","13":"product-type-simple"},"acf":[],"_links":{"self":[{"href":"https:\/\/www.ernstbrunn-apotheke.at\/katalog\/wp-json\/wp\/v2\/product\/34610","targetHints":{"allow":["GET"]}}],"collection":[{"href":"https:\/\/www.ernstbrunn-apotheke.at\/katalog\/wp-json\/wp\/v2\/product"}],"about":[{"href":"https:\/\/www.ernstbrunn-apotheke.at\/katalog\/wp-json\/wp\/v2\/types\/product"}],"wp:attachment":[{"href":"https:\/\/www.ernstbrunn-apotheke.at\/katalog\/wp-json\/wp\/v2\/media?parent=34610"}],"wp:term":[{"taxonomy":"product_brand","embeddable":true,"href":"https:\/\/www.ernstbrunn-apotheke.at\/katalog\/wp-json\/wp\/v2\/product_brand?post=34610"},{"taxonomy":"product_cat","embeddable":true,"href":"https:\/\/www.ernstbrunn-apotheke.at\/katalog\/wp-json\/wp\/v2\/product_cat?post=34610"},{"taxonomy":"product_tag","embeddable":true,"href":"https:\/\/www.ernstbrunn-apotheke.at\/katalog\/wp-json\/wp\/v2\/product_tag?post=34610"}],"curies":[{"name":"wp","href":"https:\/\/api.w.org\/{rel}","templated":true}]}}