{"id":34581,"date":"2025-11-10T12:24:11","date_gmt":"2025-11-10T11:24:11","guid":{"rendered":"https:\/\/www.ernstbrunn-apotheke.at\/katalog\/produkt\/zahnseide-miradent-mirafloss-chx-20-m\/"},"modified":"2025-12-08T15:33:22","modified_gmt":"2025-12-08T14:33:22","slug":"zahnseide-miradent-mirafloss-chx-20-m","status":"publish","type":"product","link":"https:\/\/www.ernstbrunn-apotheke.at\/katalog\/produkt\/zahnseide-miradent-mirafloss-chx-20-m\/","title":{"rendered":"Zahnseide Miradent Mirafloss Chx 20 m"},"content":{"rendered":"<p>Mirafloss ist keine herk\u00f6mmliche Zahnseide. Sie ist nicht gewachst, sondern eine PTFE-Tapezahnseide. Dadurch gleitet sie perfekt selbst in engste Interdentalr\u00e4ume. Ihre Tape-Form f\u00fchrt dazu, dass sie sich im Zahnzwischenraum \u00e4entfaltet\u201c und so besonders effektiv reinigt. Sie ist extrem rei\u00dffest und fasert nicht aus.<\/p>\n","protected":false},"excerpt":{"rendered":"<p>Mirafloss ist keine herk\u00f6mmliche Zahnseide. Sie ist nicht gewachst, sondern eine PTFE-Tapezahnseide. Dadurch gleitet sie perfekt selbst in engste Interdentalr\u00e4ume. Ihre Tape-Form f\u00fchrt dazu, dass sie sich im Zahnzwischenraum \u00e4entfaltet\u201c und so besonders effektiv reinigt. Sie ist extrem rei\u00dffest und fasert nicht aus.<\/p>\n","protected":false},"featured_media":34583,"template":"","meta":{"_acf_changed":false},"product_brand":[872],"product_cat":[803],"product_tag":[],"class_list":{"0":"post-34581","1":"product","2":"type-product","3":"status-publish","4":"has-post-thumbnail","6":"product_brand-miradent","7":"product_cat-z","8":"pa_packungsgroesse-1-stueck","10":"first","11":"instock","12":"shipping-taxable","13":"purchasable","14":"product-type-simple"},"acf":[],"_links":{"self":[{"href":"https:\/\/www.ernstbrunn-apotheke.at\/katalog\/wp-json\/wp\/v2\/product\/34581","targetHints":{"allow":["GET"]}}],"collection":[{"href":"https:\/\/www.ernstbrunn-apotheke.at\/katalog\/wp-json\/wp\/v2\/product"}],"about":[{"href":"https:\/\/www.ernstbrunn-apotheke.at\/katalog\/wp-json\/wp\/v2\/types\/product"}],"wp:featuredmedia":[{"embeddable":true,"href":"https:\/\/www.ernstbrunn-apotheke.at\/katalog\/wp-json\/wp\/v2\/media\/34583"}],"wp:attachment":[{"href":"https:\/\/www.ernstbrunn-apotheke.at\/katalog\/wp-json\/wp\/v2\/media?parent=34581"}],"wp:term":[{"taxonomy":"product_brand","embeddable":true,"href":"https:\/\/www.ernstbrunn-apotheke.at\/katalog\/wp-json\/wp\/v2\/product_brand?post=34581"},{"taxonomy":"product_cat","embeddable":true,"href":"https:\/\/www.ernstbrunn-apotheke.at\/katalog\/wp-json\/wp\/v2\/product_cat?post=34581"},{"taxonomy":"product_tag","embeddable":true,"href":"https:\/\/www.ernstbrunn-apotheke.at\/katalog\/wp-json\/wp\/v2\/product_tag?post=34581"}],"curies":[{"name":"wp","href":"https:\/\/api.w.org\/{rel}","templated":true}]}}