{"id":34532,"date":"2025-11-10T12:23:32","date_gmt":"2025-11-10T11:23:32","guid":{"rendered":"https:\/\/www.ernstbrunn-apotheke.at\/katalog\/produkt\/retterspitz-mundwasser-140-ml\/"},"modified":"2025-12-08T15:33:07","modified_gmt":"2025-12-08T14:33:07","slug":"retterspitz-mundwasser-140-ml","status":"publish","type":"product","link":"https:\/\/www.ernstbrunn-apotheke.at\/katalog\/produkt\/retterspitz-mundwasser-140-ml\/","title":{"rendered":"Retterspitz Mundwasser 140 ml"},"content":{"rendered":"<p>Retterspitz Mundwasser: Eine Mundsp\u00fclung schenkt nicht nur im Nu ein frisches Gef\u00fchl, sie sch\u00fctzt gleichzeitig die Mund und Rachenschleimhaut. Retterspitz Mund- und Gurgelwasser enth\u00e4lt einen wirkungsvollen und konzentrierten Mix aus pflanzlichen Inhaltsstoffen wie Thymian, Eukalyptus, Pfefferminze, Anis und Fenchel.<\/p>\n","protected":false},"excerpt":{"rendered":"<p>Retterspitz Mundwasser: Eine Mundsp\u00fclung schenkt nicht nur im Nu ein frisches Gef\u00fchl, sie sch\u00fctzt gleichzeitig die Mund und Rachenschleimhaut. Retterspitz Mund- und Gurgelwasser enth\u00e4lt einen wirkungsvollen und konzentrierten Mix aus pflanzlichen Inhaltsstoffen wie Thymian, Eukalyptus, Pfefferminze, Anis und Fenchel.<\/p>\n","protected":false},"featured_media":34534,"template":"","meta":{"_acf_changed":false},"product_brand":[],"product_cat":[808],"product_tag":[],"class_list":{"0":"post-34532","1":"product","2":"type-product","3":"status-publish","4":"has-post-thumbnail","6":"product_cat-r","7":"pa_packungsgroesse-140ml","9":"first","10":"instock","11":"shipping-taxable","12":"purchasable","13":"product-type-simple"},"acf":[],"_links":{"self":[{"href":"https:\/\/www.ernstbrunn-apotheke.at\/katalog\/wp-json\/wp\/v2\/product\/34532","targetHints":{"allow":["GET"]}}],"collection":[{"href":"https:\/\/www.ernstbrunn-apotheke.at\/katalog\/wp-json\/wp\/v2\/product"}],"about":[{"href":"https:\/\/www.ernstbrunn-apotheke.at\/katalog\/wp-json\/wp\/v2\/types\/product"}],"wp:featuredmedia":[{"embeddable":true,"href":"https:\/\/www.ernstbrunn-apotheke.at\/katalog\/wp-json\/wp\/v2\/media\/34534"}],"wp:attachment":[{"href":"https:\/\/www.ernstbrunn-apotheke.at\/katalog\/wp-json\/wp\/v2\/media?parent=34532"}],"wp:term":[{"taxonomy":"product_brand","embeddable":true,"href":"https:\/\/www.ernstbrunn-apotheke.at\/katalog\/wp-json\/wp\/v2\/product_brand?post=34532"},{"taxonomy":"product_cat","embeddable":true,"href":"https:\/\/www.ernstbrunn-apotheke.at\/katalog\/wp-json\/wp\/v2\/product_cat?post=34532"},{"taxonomy":"product_tag","embeddable":true,"href":"https:\/\/www.ernstbrunn-apotheke.at\/katalog\/wp-json\/wp\/v2\/product_tag?post=34532"}],"curies":[{"name":"wp","href":"https:\/\/api.w.org\/{rel}","templated":true}]}}