{"id":34485,"date":"2025-11-10T12:22:59","date_gmt":"2025-11-10T11:22:59","guid":{"rendered":"https:\/\/www.ernstbrunn-apotheke.at\/katalog\/produkt\/casida-mund-gesund-fluid-repair-protect-bei-zahnfleischentzuendungen\/"},"modified":"2025-12-08T15:32:49","modified_gmt":"2025-12-08T14:32:49","slug":"casida-mund-gesund-fluid-repair-protect-bei-zahnfleischentzuendungen","status":"publish","type":"product","link":"https:\/\/www.ernstbrunn-apotheke.at\/katalog\/produkt\/casida-mund-gesund-fluid-repair-protect-bei-zahnfleischentzuendungen\/","title":{"rendered":"Casida MUND &#8211; GESUND FLUID Repair &#038; Protect bei Zahnfleischentz\u00fcndungen"},"content":{"rendered":"<p>Casida Mund-Gesund Fluid Repair &#038; Protect beruhigt und sch\u00fctzt vor Zahnfleischentz\u00fcndungen &#038; Aphten. Zudem eignet es sich zur Pflege bei Druckstellen durch Zahnprothesen sowie nach zahnmedizinischen Eingriffen.<\/p>\n","protected":false},"excerpt":{"rendered":"<p>Casida Mund-Gesund Fluid Repair &#038; Protect beruhigt und sch\u00fctzt vor Zahnfleischentz\u00fcndungen &#038; Aphten. Zudem eignet es sich zur Pflege bei Druckstellen durch Zahnprothesen sowie nach zahnmedizinischen Eingriffen.<\/p>\n","protected":false},"featured_media":34487,"template":"","meta":{"_acf_changed":false},"product_brand":[],"product_cat":[812],"product_tag":[],"class_list":{"0":"post-34485","1":"product","2":"type-product","3":"status-publish","4":"has-post-thumbnail","6":"product_cat-c","7":"pa_packungsgroesse-10ml","9":"first","10":"instock","11":"shipping-taxable","12":"purchasable","13":"product-type-simple"},"acf":[],"_links":{"self":[{"href":"https:\/\/www.ernstbrunn-apotheke.at\/katalog\/wp-json\/wp\/v2\/product\/34485","targetHints":{"allow":["GET"]}}],"collection":[{"href":"https:\/\/www.ernstbrunn-apotheke.at\/katalog\/wp-json\/wp\/v2\/product"}],"about":[{"href":"https:\/\/www.ernstbrunn-apotheke.at\/katalog\/wp-json\/wp\/v2\/types\/product"}],"wp:featuredmedia":[{"embeddable":true,"href":"https:\/\/www.ernstbrunn-apotheke.at\/katalog\/wp-json\/wp\/v2\/media\/34487"}],"wp:attachment":[{"href":"https:\/\/www.ernstbrunn-apotheke.at\/katalog\/wp-json\/wp\/v2\/media?parent=34485"}],"wp:term":[{"taxonomy":"product_brand","embeddable":true,"href":"https:\/\/www.ernstbrunn-apotheke.at\/katalog\/wp-json\/wp\/v2\/product_brand?post=34485"},{"taxonomy":"product_cat","embeddable":true,"href":"https:\/\/www.ernstbrunn-apotheke.at\/katalog\/wp-json\/wp\/v2\/product_cat?post=34485"},{"taxonomy":"product_tag","embeddable":true,"href":"https:\/\/www.ernstbrunn-apotheke.at\/katalog\/wp-json\/wp\/v2\/product_tag?post=34485"}],"curies":[{"name":"wp","href":"https:\/\/api.w.org\/{rel}","templated":true}]}}