{"id":34422,"date":"2025-11-10T12:11:24","date_gmt":"2025-11-10T11:11:24","guid":{"rendered":"https:\/\/www.ernstbrunn-apotheke.at\/katalog\/produkt\/apiprodent-zahnfleisch-gel-20-g\/"},"modified":"2025-12-08T15:32:21","modified_gmt":"2025-12-08T14:32:21","slug":"apiprodent-zahnfleisch-gel-20-g","status":"publish","type":"product","link":"https:\/\/www.ernstbrunn-apotheke.at\/katalog\/produkt\/apiprodent-zahnfleisch-gel-20-g\/","title":{"rendered":"Apiprodent Zahnfleisch Gel 20 g"},"content":{"rendered":"<p>Apiprodent Gel ist ein Zahnfleisch-Gel, welches vor Entz\u00fcndungen und Verletzungen sch\u00fctzt. Ein Schutzfilm auf dem Zahnfleisch beugt Entz\u00fcndungen und Verletzungen vor, die zu Empfkindlichkeit und Zahnfleischbluten f\u00fchren k\u00f6nnen. Zudem hilft das Produkt, das Zahnfleisch gesund zu erhalten. Zus\u00e4tzliche Inhaltsstoffe sorgen f\u00fcr einen angenehm aromatisch-frischen Geschmack im Mund und dienen als nat\u00fcrliche Geschmachsneutralisatoren.<\/p>\n","protected":false},"excerpt":{"rendered":"<p>Apiprodent Gel ist ein Zahnfleisch-Gel, welches vor Entz\u00fcndungen und Verletzungen sch\u00fctzt. Ein Schutzfilm auf dem Zahnfleisch beugt Entz\u00fcndungen und Verletzungen vor, die zu Empfkindlichkeit und Zahnfleischbluten f\u00fchren k\u00f6nnen. Zudem hilft das Produkt, das Zahnfleisch gesund zu erhalten. Zus\u00e4tzliche Inhaltsstoffe sorgen f\u00fcr einen angenehm aromatisch-frischen Geschmack im Mund und dienen als nat\u00fcrliche Geschmachsneutralisatoren.<\/p>\n","protected":false},"featured_media":34424,"template":"","meta":{"_acf_changed":false},"product_brand":[],"product_cat":[801],"product_tag":[],"class_list":{"0":"post-34422","1":"product","2":"type-product","3":"status-publish","4":"has-post-thumbnail","6":"product_cat-a","7":"pa_packungsgroesse-15ml","9":"first","10":"instock","11":"shipping-taxable","12":"purchasable","13":"product-type-simple"},"acf":[],"_links":{"self":[{"href":"https:\/\/www.ernstbrunn-apotheke.at\/katalog\/wp-json\/wp\/v2\/product\/34422","targetHints":{"allow":["GET"]}}],"collection":[{"href":"https:\/\/www.ernstbrunn-apotheke.at\/katalog\/wp-json\/wp\/v2\/product"}],"about":[{"href":"https:\/\/www.ernstbrunn-apotheke.at\/katalog\/wp-json\/wp\/v2\/types\/product"}],"wp:featuredmedia":[{"embeddable":true,"href":"https:\/\/www.ernstbrunn-apotheke.at\/katalog\/wp-json\/wp\/v2\/media\/34424"}],"wp:attachment":[{"href":"https:\/\/www.ernstbrunn-apotheke.at\/katalog\/wp-json\/wp\/v2\/media?parent=34422"}],"wp:term":[{"taxonomy":"product_brand","embeddable":true,"href":"https:\/\/www.ernstbrunn-apotheke.at\/katalog\/wp-json\/wp\/v2\/product_brand?post=34422"},{"taxonomy":"product_cat","embeddable":true,"href":"https:\/\/www.ernstbrunn-apotheke.at\/katalog\/wp-json\/wp\/v2\/product_cat?post=34422"},{"taxonomy":"product_tag","embeddable":true,"href":"https:\/\/www.ernstbrunn-apotheke.at\/katalog\/wp-json\/wp\/v2\/product_tag?post=34422"}],"curies":[{"name":"wp","href":"https:\/\/api.w.org\/{rel}","templated":true}]}}