{"id":34407,"date":"2025-11-10T12:11:12","date_gmt":"2025-11-10T11:11:12","guid":{"rendered":"https:\/\/www.ernstbrunn-apotheke.at\/katalog\/produkt\/gum-trav-ler-inderdentalbuersten-1-2-mm-6-stk\/"},"modified":"2025-12-08T15:32:16","modified_gmt":"2025-12-08T14:32:16","slug":"gum-trav-ler-inderdentalbuersten-1-2-mm-6-stk","status":"publish","type":"product","link":"https:\/\/www.ernstbrunn-apotheke.at\/katalog\/produkt\/gum-trav-ler-inderdentalbuersten-1-2-mm-6-stk\/","title":{"rendered":"Gum TRAV-LER Inderdentalb\u00fcrsten 1.2 mm 6 Stk."},"content":{"rendered":"<p>GUM\u00ae TRAV-LER\u00ae Inderdentalb\u00fcrsten (0.6 mm Drahtdurchmesser \/ 1.2 mm Zahnzwischenraum \/ ISO-Norm 3) Kerzenform in violett mit flexiblem, ergonomischem Griff zur besseren Handhabung an schwer erreichbaren Stellen. Der B\u00fcrstenhals aus Kunststoff kann bis zu 90 Grad gebogen werden. Bis zu 25 % bessere Plaqueentfernung dank innovativer Dreiecks-Borstenstruktur. CHX-Beschichtung der Borsten h\u00e4lt die Interdentalb\u00fcrste hygienisch (bis zu 2 Wochen). Einfache Handhabung f\u00fcr hohe Patienten-Compliance.<\/p>\n","protected":false},"excerpt":{"rendered":"<p>GUM\u00ae TRAV-LER\u00ae Inderdentalb\u00fcrsten (0.6 mm Drahtdurchmesser \/ 1.2 mm Zahnzwischenraum \/ ISO-Norm 3) Kerzenform in violett mit flexiblem, ergonomischem Griff zur besseren Handhabung an schwer erreichbaren Stellen. Der B\u00fcrstenhals aus Kunststoff kann bis zu 90 Grad gebogen werden. Bis zu 25 % bessere Plaqueentfernung dank innovativer Dreiecks-Borstenstruktur. CHX-Beschichtung der Borsten h\u00e4lt die Interdentalb\u00fcrste hygienisch (bis [&hellip;]<\/p>\n","protected":false},"featured_media":34409,"template":"","meta":{"_acf_changed":false},"product_brand":[894],"product_cat":[810],"product_tag":[],"class_list":{"0":"post-34407","1":"product","2":"type-product","3":"status-publish","4":"has-post-thumbnail","6":"product_brand-g-u-m","7":"product_cat-g","8":"pa_packungsgroesse-6-stueck","10":"first","11":"instock","12":"shipping-taxable","13":"purchasable","14":"product-type-simple"},"acf":[],"_links":{"self":[{"href":"https:\/\/www.ernstbrunn-apotheke.at\/katalog\/wp-json\/wp\/v2\/product\/34407","targetHints":{"allow":["GET"]}}],"collection":[{"href":"https:\/\/www.ernstbrunn-apotheke.at\/katalog\/wp-json\/wp\/v2\/product"}],"about":[{"href":"https:\/\/www.ernstbrunn-apotheke.at\/katalog\/wp-json\/wp\/v2\/types\/product"}],"wp:featuredmedia":[{"embeddable":true,"href":"https:\/\/www.ernstbrunn-apotheke.at\/katalog\/wp-json\/wp\/v2\/media\/34409"}],"wp:attachment":[{"href":"https:\/\/www.ernstbrunn-apotheke.at\/katalog\/wp-json\/wp\/v2\/media?parent=34407"}],"wp:term":[{"taxonomy":"product_brand","embeddable":true,"href":"https:\/\/www.ernstbrunn-apotheke.at\/katalog\/wp-json\/wp\/v2\/product_brand?post=34407"},{"taxonomy":"product_cat","embeddable":true,"href":"https:\/\/www.ernstbrunn-apotheke.at\/katalog\/wp-json\/wp\/v2\/product_cat?post=34407"},{"taxonomy":"product_tag","embeddable":true,"href":"https:\/\/www.ernstbrunn-apotheke.at\/katalog\/wp-json\/wp\/v2\/product_tag?post=34407"}],"curies":[{"name":"wp","href":"https:\/\/api.w.org\/{rel}","templated":true}]}}