{"id":34379,"date":"2025-11-10T12:10:42","date_gmt":"2025-11-10T11:10:42","guid":{"rendered":"https:\/\/www.ernstbrunn-apotheke.at\/katalog\/produkt\/odol-extra-frisch-mundwasser-125-ml\/"},"modified":"2025-12-08T15:32:03","modified_gmt":"2025-12-08T14:32:03","slug":"odol-extra-frisch-mundwasser-125-ml","status":"publish","type":"product","link":"https:\/\/www.ernstbrunn-apotheke.at\/katalog\/produkt\/odol-extra-frisch-mundwasser-125-ml\/","title":{"rendered":"Odol Extra Frisch Mundwasser 125 ml"},"content":{"rendered":"<p>Frischer Atem ist die Voraussetzung, um sich gepflegt zu f\u00fchlen und sicher im Umgang mit anderen Menschen zu sein. Odol hilft, diese Sicherheit zu bekommen. Mit der ausgewogenen Kombination von \u00e4therischen \u00d6len und Aromen f\u00fcr frischen Atem.<\/p>\n","protected":false},"excerpt":{"rendered":"<p>Frischer Atem ist die Voraussetzung, um sich gepflegt zu f\u00fchlen und sicher im Umgang mit anderen Menschen zu sein. Odol hilft, diese Sicherheit zu bekommen. Mit der ausgewogenen Kombination von \u00e4therischen \u00d6len und Aromen f\u00fcr frischen Atem.<\/p>\n","protected":false},"featured_media":34381,"template":"","meta":{"_acf_changed":false},"product_brand":[912],"product_cat":[819],"product_tag":[],"class_list":{"0":"post-34379","1":"product","2":"type-product","3":"status-publish","4":"has-post-thumbnail","6":"product_brand-odol","7":"product_cat-o","8":"pa_packungsgroesse-125ml","10":"first","11":"instock","12":"shipping-taxable","13":"purchasable","14":"product-type-simple"},"acf":[],"_links":{"self":[{"href":"https:\/\/www.ernstbrunn-apotheke.at\/katalog\/wp-json\/wp\/v2\/product\/34379","targetHints":{"allow":["GET"]}}],"collection":[{"href":"https:\/\/www.ernstbrunn-apotheke.at\/katalog\/wp-json\/wp\/v2\/product"}],"about":[{"href":"https:\/\/www.ernstbrunn-apotheke.at\/katalog\/wp-json\/wp\/v2\/types\/product"}],"wp:featuredmedia":[{"embeddable":true,"href":"https:\/\/www.ernstbrunn-apotheke.at\/katalog\/wp-json\/wp\/v2\/media\/34381"}],"wp:attachment":[{"href":"https:\/\/www.ernstbrunn-apotheke.at\/katalog\/wp-json\/wp\/v2\/media?parent=34379"}],"wp:term":[{"taxonomy":"product_brand","embeddable":true,"href":"https:\/\/www.ernstbrunn-apotheke.at\/katalog\/wp-json\/wp\/v2\/product_brand?post=34379"},{"taxonomy":"product_cat","embeddable":true,"href":"https:\/\/www.ernstbrunn-apotheke.at\/katalog\/wp-json\/wp\/v2\/product_cat?post=34379"},{"taxonomy":"product_tag","embeddable":true,"href":"https:\/\/www.ernstbrunn-apotheke.at\/katalog\/wp-json\/wp\/v2\/product_tag?post=34379"}],"curies":[{"name":"wp","href":"https:\/\/api.w.org\/{rel}","templated":true}]}}