{"id":34243,"date":"2025-11-10T12:08:23","date_gmt":"2025-11-10T11:08:23","guid":{"rendered":"https:\/\/www.ernstbrunn-apotheke.at\/katalog\/produkt\/zahnhoelzer-paro-micro-stick\/"},"modified":"2025-12-08T15:31:19","modified_gmt":"2025-12-08T14:31:19","slug":"zahnhoelzer-paro-micro-stick","status":"publish","type":"product","link":"https:\/\/www.ernstbrunn-apotheke.at\/katalog\/produkt\/zahnhoelzer-paro-micro-stick\/","title":{"rendered":"Zahnh\u00f6lzer Paro Micro Stick"},"content":{"rendered":"<p>Zahnh\u00f6lzer Paro Micro Stick sind f\u00fcr die Reinigung des leicht offenen Interdentalraumes bestens geeignet.Der Zahnstocher dient insbesondere der Entfernung eingebissener Nahrungsanteile und interdental festgesetzter Speisereste, die von der Zahnb\u00fcrste nur schwer oder \u00fcberhaupt nicht entfernt werden.<\/p>\n","protected":false},"excerpt":{"rendered":"<p>Zahnh\u00f6lzer Paro Micro Stick sind f\u00fcr die Reinigung des leicht offenen Interdentalraumes bestens geeignet.Der Zahnstocher dient insbesondere der Entfernung eingebissener Nahrungsanteile und interdental festgesetzter Speisereste, die von der Zahnb\u00fcrste nur schwer oder \u00fcberhaupt nicht entfernt werden.<\/p>\n","protected":false},"featured_media":34245,"template":"","meta":{"_acf_changed":false},"product_brand":[892],"product_cat":[803],"product_tag":[],"class_list":{"0":"post-34243","1":"product","2":"type-product","3":"status-publish","4":"has-post-thumbnail","6":"product_brand-paro","7":"product_cat-z","8":"pa_packungsgroesse-96-stueck","10":"first","11":"instock","12":"shipping-taxable","13":"purchasable","14":"product-type-simple"},"acf":[],"_links":{"self":[{"href":"https:\/\/www.ernstbrunn-apotheke.at\/katalog\/wp-json\/wp\/v2\/product\/34243","targetHints":{"allow":["GET"]}}],"collection":[{"href":"https:\/\/www.ernstbrunn-apotheke.at\/katalog\/wp-json\/wp\/v2\/product"}],"about":[{"href":"https:\/\/www.ernstbrunn-apotheke.at\/katalog\/wp-json\/wp\/v2\/types\/product"}],"wp:featuredmedia":[{"embeddable":true,"href":"https:\/\/www.ernstbrunn-apotheke.at\/katalog\/wp-json\/wp\/v2\/media\/34245"}],"wp:attachment":[{"href":"https:\/\/www.ernstbrunn-apotheke.at\/katalog\/wp-json\/wp\/v2\/media?parent=34243"}],"wp:term":[{"taxonomy":"product_brand","embeddable":true,"href":"https:\/\/www.ernstbrunn-apotheke.at\/katalog\/wp-json\/wp\/v2\/product_brand?post=34243"},{"taxonomy":"product_cat","embeddable":true,"href":"https:\/\/www.ernstbrunn-apotheke.at\/katalog\/wp-json\/wp\/v2\/product_cat?post=34243"},{"taxonomy":"product_tag","embeddable":true,"href":"https:\/\/www.ernstbrunn-apotheke.at\/katalog\/wp-json\/wp\/v2\/product_tag?post=34243"}],"curies":[{"name":"wp","href":"https:\/\/api.w.org\/{rel}","templated":true}]}}