{"id":34216,"date":"2025-11-10T12:07:52","date_gmt":"2025-11-10T11:07:52","guid":{"rendered":"https:\/\/www.ernstbrunn-apotheke.at\/katalog\/produkt\/zahnseide-tebodont-stretchfloss-50-m\/"},"modified":"2025-12-08T15:31:09","modified_gmt":"2025-12-08T14:31:09","slug":"zahnseide-tebodont-stretchfloss-50-m","status":"publish","type":"product","link":"https:\/\/www.ernstbrunn-apotheke.at\/katalog\/produkt\/zahnseide-tebodont-stretchfloss-50-m\/","title":{"rendered":"Zahnseide Tebodont Stretchfloss 50 m"},"content":{"rendered":"<p>Zahnseide Tebodont Stretchfloss hemmt die Plaquebildung, pflegen und kr\u00e4ftigen das Zahnfleisch und sind klinisch erfolgreich getestet. Sie eignet sich zur Pflege und Kr\u00e4ftigung des Zahnfleisches und der Mundschleimhaut bei Prothesentr\u00e4gern und bei Prothesendruckstellen.<\/p>\n","protected":false},"excerpt":{"rendered":"<p>Zahnseide Tebodont Stretchfloss hemmt die Plaquebildung, pflegen und kr\u00e4ftigen das Zahnfleisch und sind klinisch erfolgreich getestet. Sie eignet sich zur Pflege und Kr\u00e4ftigung des Zahnfleisches und der Mundschleimhaut bei Prothesentr\u00e4gern und bei Prothesendruckstellen.<\/p>\n","protected":false},"featured_media":34218,"template":"","meta":{"_acf_changed":false},"product_brand":[],"product_cat":[803],"product_tag":[],"class_list":{"0":"post-34216","1":"product","2":"type-product","3":"status-publish","4":"has-post-thumbnail","6":"product_cat-z","7":"pa_packungsgroesse-887","9":"first","10":"instock","11":"shipping-taxable","12":"purchasable","13":"product-type-simple"},"acf":[],"_links":{"self":[{"href":"https:\/\/www.ernstbrunn-apotheke.at\/katalog\/wp-json\/wp\/v2\/product\/34216","targetHints":{"allow":["GET"]}}],"collection":[{"href":"https:\/\/www.ernstbrunn-apotheke.at\/katalog\/wp-json\/wp\/v2\/product"}],"about":[{"href":"https:\/\/www.ernstbrunn-apotheke.at\/katalog\/wp-json\/wp\/v2\/types\/product"}],"wp:featuredmedia":[{"embeddable":true,"href":"https:\/\/www.ernstbrunn-apotheke.at\/katalog\/wp-json\/wp\/v2\/media\/34218"}],"wp:attachment":[{"href":"https:\/\/www.ernstbrunn-apotheke.at\/katalog\/wp-json\/wp\/v2\/media?parent=34216"}],"wp:term":[{"taxonomy":"product_brand","embeddable":true,"href":"https:\/\/www.ernstbrunn-apotheke.at\/katalog\/wp-json\/wp\/v2\/product_brand?post=34216"},{"taxonomy":"product_cat","embeddable":true,"href":"https:\/\/www.ernstbrunn-apotheke.at\/katalog\/wp-json\/wp\/v2\/product_cat?post=34216"},{"taxonomy":"product_tag","embeddable":true,"href":"https:\/\/www.ernstbrunn-apotheke.at\/katalog\/wp-json\/wp\/v2\/product_tag?post=34216"}],"curies":[{"name":"wp","href":"https:\/\/api.w.org\/{rel}","templated":true}]}}