{"id":34202,"date":"2025-11-10T12:07:41","date_gmt":"2025-11-10T11:07:41","guid":{"rendered":"https:\/\/www.ernstbrunn-apotheke.at\/katalog\/produkt\/gum-trav-ler-inderdentalbuersten-0-9-mm-6-stk\/"},"modified":"2025-12-08T15:31:04","modified_gmt":"2025-12-08T14:31:04","slug":"gum-trav-ler-inderdentalbuersten-0-9-mm-6-stk","status":"publish","type":"product","link":"https:\/\/www.ernstbrunn-apotheke.at\/katalog\/produkt\/gum-trav-ler-inderdentalbuersten-0-9-mm-6-stk\/","title":{"rendered":"Gum TRAV-LER Inderdentalb\u00fcrsten 0.9 mm 6 Stk."},"content":{"rendered":"<p>GUM\u00ae TRAV-LER\u00ae Inderdentalb\u00fcrsten (0.5 mm Drahtdurchmesser \/ 0.9 mm Zahnzwischenraum \/ ISO-Norm 2) Kerzenform in orange mit flexiblem, ergonomischem Griff zur besseren Handhabung an schwer erreichbaren Stellen. Der B\u00fcrstenhals aus Kunststoff kann bis zu 90 Grad gebogen werden. Bis zu 25 % bessere Plaqueentfernung dank innovativer Dreiecks-Borstenstruktur. CHX-Beschichtung der Borsten h\u00e4lt die Interdentalb\u00fcrste hygienisch (bis zu 2 Wochen). Einfache Handhabung f\u00fcr hohe Patienten-Compliance.<\/p>\n","protected":false},"excerpt":{"rendered":"<p>GUM\u00ae TRAV-LER\u00ae Inderdentalb\u00fcrsten (0.5 mm Drahtdurchmesser \/ 0.9 mm Zahnzwischenraum \/ ISO-Norm 2) Kerzenform in orange mit flexiblem, ergonomischem Griff zur besseren Handhabung an schwer erreichbaren Stellen. Der B\u00fcrstenhals aus Kunststoff kann bis zu 90 Grad gebogen werden. Bis zu 25 % bessere Plaqueentfernung dank innovativer Dreiecks-Borstenstruktur. CHX-Beschichtung der Borsten h\u00e4lt die Interdentalb\u00fcrste hygienisch (bis [&hellip;]<\/p>\n","protected":false},"featured_media":34204,"template":"","meta":{"_acf_changed":false},"product_brand":[894],"product_cat":[810],"product_tag":[],"class_list":{"0":"post-34202","1":"product","2":"type-product","3":"status-publish","4":"has-post-thumbnail","6":"product_brand-g-u-m","7":"product_cat-g","8":"pa_packungsgroesse-6-stueck","10":"first","11":"instock","12":"shipping-taxable","13":"purchasable","14":"product-type-simple"},"acf":[],"_links":{"self":[{"href":"https:\/\/www.ernstbrunn-apotheke.at\/katalog\/wp-json\/wp\/v2\/product\/34202","targetHints":{"allow":["GET"]}}],"collection":[{"href":"https:\/\/www.ernstbrunn-apotheke.at\/katalog\/wp-json\/wp\/v2\/product"}],"about":[{"href":"https:\/\/www.ernstbrunn-apotheke.at\/katalog\/wp-json\/wp\/v2\/types\/product"}],"wp:featuredmedia":[{"embeddable":true,"href":"https:\/\/www.ernstbrunn-apotheke.at\/katalog\/wp-json\/wp\/v2\/media\/34204"}],"wp:attachment":[{"href":"https:\/\/www.ernstbrunn-apotheke.at\/katalog\/wp-json\/wp\/v2\/media?parent=34202"}],"wp:term":[{"taxonomy":"product_brand","embeddable":true,"href":"https:\/\/www.ernstbrunn-apotheke.at\/katalog\/wp-json\/wp\/v2\/product_brand?post=34202"},{"taxonomy":"product_cat","embeddable":true,"href":"https:\/\/www.ernstbrunn-apotheke.at\/katalog\/wp-json\/wp\/v2\/product_cat?post=34202"},{"taxonomy":"product_tag","embeddable":true,"href":"https:\/\/www.ernstbrunn-apotheke.at\/katalog\/wp-json\/wp\/v2\/product_tag?post=34202"}],"curies":[{"name":"wp","href":"https:\/\/api.w.org\/{rel}","templated":true}]}}