{"id":34192,"date":"2025-11-10T12:07:21","date_gmt":"2025-11-10T11:07:21","guid":{"rendered":"https:\/\/www.ernstbrunn-apotheke.at\/katalog\/produkt\/curaprox-zungenreiniger-ctc-201-1-stk\/"},"modified":"2025-12-08T15:30:59","modified_gmt":"2025-12-08T14:30:59","slug":"curaprox-zungenreiniger-ctc-201-1-stk","status":"publish","type":"product","link":"https:\/\/www.ernstbrunn-apotheke.at\/katalog\/produkt\/curaprox-zungenreiniger-ctc-201-1-stk\/","title":{"rendered":"Curaprox Zungenreiniger CTC 201 1 Stk."},"content":{"rendered":"<p>Curaprox Zungenreiniger f\u00fchrt bei Mundgeruch zu verbl\u00fcffenden Erfolgen. Mundgeruch kommt von den Bakterienbel\u00e4gen auf der Zunge, in den Zungenfurchen, aber auch in den Zahnzwischenr\u00e4umen. Seine anatomisch richtige Form vermindert den Brechreiz, seine Wirkung ist sicht- und riechbar. Der Erfolg kommt schon mit der ersten Anwendung.<\/p>\n","protected":false},"excerpt":{"rendered":"<p>Curaprox Zungenreiniger f\u00fchrt bei Mundgeruch zu verbl\u00fcffenden Erfolgen. Mundgeruch kommt von den Bakterienbel\u00e4gen auf der Zunge, in den Zungenfurchen, aber auch in den Zahnzwischenr\u00e4umen. Seine anatomisch richtige Form vermindert den Brechreiz, seine Wirkung ist sicht- und riechbar. Der Erfolg kommt schon mit der ersten Anwendung.<\/p>\n","protected":false},"featured_media":34194,"template":"","meta":{"_acf_changed":false},"product_brand":[886],"product_cat":[812],"product_tag":[],"class_list":{"0":"post-34192","1":"product","2":"type-product","3":"status-publish","4":"has-post-thumbnail","6":"product_brand-curaprox","7":"product_cat-c","8":"pa_packungsgroesse-1-stueck","10":"first","11":"instock","12":"shipping-taxable","13":"purchasable","14":"product-type-simple"},"acf":[],"_links":{"self":[{"href":"https:\/\/www.ernstbrunn-apotheke.at\/katalog\/wp-json\/wp\/v2\/product\/34192","targetHints":{"allow":["GET"]}}],"collection":[{"href":"https:\/\/www.ernstbrunn-apotheke.at\/katalog\/wp-json\/wp\/v2\/product"}],"about":[{"href":"https:\/\/www.ernstbrunn-apotheke.at\/katalog\/wp-json\/wp\/v2\/types\/product"}],"wp:featuredmedia":[{"embeddable":true,"href":"https:\/\/www.ernstbrunn-apotheke.at\/katalog\/wp-json\/wp\/v2\/media\/34194"}],"wp:attachment":[{"href":"https:\/\/www.ernstbrunn-apotheke.at\/katalog\/wp-json\/wp\/v2\/media?parent=34192"}],"wp:term":[{"taxonomy":"product_brand","embeddable":true,"href":"https:\/\/www.ernstbrunn-apotheke.at\/katalog\/wp-json\/wp\/v2\/product_brand?post=34192"},{"taxonomy":"product_cat","embeddable":true,"href":"https:\/\/www.ernstbrunn-apotheke.at\/katalog\/wp-json\/wp\/v2\/product_cat?post=34192"},{"taxonomy":"product_tag","embeddable":true,"href":"https:\/\/www.ernstbrunn-apotheke.at\/katalog\/wp-json\/wp\/v2\/product_tag?post=34192"}],"curies":[{"name":"wp","href":"https:\/\/api.w.org\/{rel}","templated":true}]}}