{"id":34164,"date":"2025-11-10T12:07:02","date_gmt":"2025-11-10T11:07:02","guid":{"rendered":"https:\/\/www.ernstbrunn-apotheke.at\/katalog\/produkt\/air-lift-mundgeruch-spray-15-ml\/"},"modified":"2025-12-08T15:30:52","modified_gmt":"2025-12-08T14:30:52","slug":"air-lift-mundgeruch-spray-15-ml","status":"publish","type":"product","link":"https:\/\/www.ernstbrunn-apotheke.at\/katalog\/produkt\/air-lift-mundgeruch-spray-15-ml\/","title":{"rendered":"Air-Lift Mundgeruch Spray 15 ml"},"content":{"rendered":"<p>Bessere Mundgesundheit f\u00fcr alle \u2013 das ist der Claim der neuen Curaden AG. Sie bietet alles f\u00fcr die Gesundheit \u2013 und damit Sch\u00f6nheit \u2013 von Z\u00e4hnen: von der Zahnbrste \u00fcber Interdentalbrsten bis zur Zahnpasta. Und von der Praxiseinrichtung \u00fcber das Praxismanagement-System bis hin zur Praxiskommunikation.<\/p>\n","protected":false},"excerpt":{"rendered":"<p>Bessere Mundgesundheit f\u00fcr alle \u2013 das ist der Claim der neuen Curaden AG. Sie bietet alles f\u00fcr die Gesundheit \u2013 und damit Sch\u00f6nheit \u2013 von Z\u00e4hnen: von der Zahnbrste \u00fcber Interdentalbrsten bis zur Zahnpasta. Und von der Praxiseinrichtung \u00fcber das Praxismanagement-System bis hin zur Praxiskommunikation.<\/p>\n","protected":false},"featured_media":34166,"template":"","meta":{"_acf_changed":false},"product_brand":[],"product_cat":[801],"product_tag":[],"class_list":{"0":"post-34164","1":"product","2":"type-product","3":"status-publish","4":"has-post-thumbnail","6":"product_cat-a","7":"pa_packungsgroesse-15ml","9":"first","10":"instock","11":"shipping-taxable","12":"purchasable","13":"product-type-simple"},"acf":[],"_links":{"self":[{"href":"https:\/\/www.ernstbrunn-apotheke.at\/katalog\/wp-json\/wp\/v2\/product\/34164","targetHints":{"allow":["GET"]}}],"collection":[{"href":"https:\/\/www.ernstbrunn-apotheke.at\/katalog\/wp-json\/wp\/v2\/product"}],"about":[{"href":"https:\/\/www.ernstbrunn-apotheke.at\/katalog\/wp-json\/wp\/v2\/types\/product"}],"wp:featuredmedia":[{"embeddable":true,"href":"https:\/\/www.ernstbrunn-apotheke.at\/katalog\/wp-json\/wp\/v2\/media\/34166"}],"wp:attachment":[{"href":"https:\/\/www.ernstbrunn-apotheke.at\/katalog\/wp-json\/wp\/v2\/media?parent=34164"}],"wp:term":[{"taxonomy":"product_brand","embeddable":true,"href":"https:\/\/www.ernstbrunn-apotheke.at\/katalog\/wp-json\/wp\/v2\/product_brand?post=34164"},{"taxonomy":"product_cat","embeddable":true,"href":"https:\/\/www.ernstbrunn-apotheke.at\/katalog\/wp-json\/wp\/v2\/product_cat?post=34164"},{"taxonomy":"product_tag","embeddable":true,"href":"https:\/\/www.ernstbrunn-apotheke.at\/katalog\/wp-json\/wp\/v2\/product_tag?post=34164"}],"curies":[{"name":"wp","href":"https:\/\/api.w.org\/{rel}","templated":true}]}}