{"id":34158,"date":"2025-11-10T12:06:55","date_gmt":"2025-11-10T11:06:55","guid":{"rendered":"https:\/\/www.ernstbrunn-apotheke.at\/katalog\/produkt\/sensodyne-zahnseide-50-m\/"},"modified":"2025-12-08T15:30:48","modified_gmt":"2025-12-08T14:30:48","slug":"sensodyne-zahnseide-50-m","status":"publish","type":"product","link":"https:\/\/www.ernstbrunn-apotheke.at\/katalog\/produkt\/sensodyne-zahnseide-50-m\/","title":{"rendered":"Sensodyne Zahnseide 50 m"},"content":{"rendered":"<p>Experten empfehlen Sensodyne\u00ae bei schmerzempfindlichen Z\u00e4hnen. Zahnschmerzen aufgrund von Schmerzempfindlichkeit k\u00f6nnen ein gro\u00dfes \u00c4rgernis sein, da sie uns in der Wahl unserer Lebensmittel einschr\u00e4nken. Dagegen k\u00f6nnen Sie jedoch etwas tun! Egal ob Kaltes, Hei\u00dfes, S\u00fc\u00dfes oder Saures: Sensodyne\u00ae sorgt daf\u00fcr, dass Sie bei der Wahl Ihrer Lebensmittel auf nichts verzichten m\u00fcssen. Sensodyne\u00ae bewirkt einen klinisch erwiesenen Schutz vor Schmerzempfindlichkeit und dadurch letztendlich mehr Lebensqualit\u00e4t f\u00fcr Sie.<\/p>\n","protected":false},"excerpt":{"rendered":"<p>Experten empfehlen Sensodyne\u00ae bei schmerzempfindlichen Z\u00e4hnen. Zahnschmerzen aufgrund von Schmerzempfindlichkeit k\u00f6nnen ein gro\u00dfes \u00c4rgernis sein, da sie uns in der Wahl unserer Lebensmittel einschr\u00e4nken. Dagegen k\u00f6nnen Sie jedoch etwas tun! Egal ob Kaltes, Hei\u00dfes, S\u00fc\u00dfes oder Saures: Sensodyne\u00ae sorgt daf\u00fcr, dass Sie bei der Wahl Ihrer Lebensmittel auf nichts verzichten m\u00fcssen. Sensodyne\u00ae bewirkt einen klinisch [&hellip;]<\/p>\n","protected":false},"featured_media":0,"template":"","meta":{"_acf_changed":false},"product_brand":[],"product_cat":[791],"product_tag":[],"class_list":{"0":"post-34158","1":"product","2":"type-product","3":"status-publish","5":"product_cat-s","6":"pa_packungsgroesse-887","8":"first","9":"instock","10":"shipping-taxable","11":"purchasable","12":"product-type-simple"},"acf":[],"_links":{"self":[{"href":"https:\/\/www.ernstbrunn-apotheke.at\/katalog\/wp-json\/wp\/v2\/product\/34158","targetHints":{"allow":["GET"]}}],"collection":[{"href":"https:\/\/www.ernstbrunn-apotheke.at\/katalog\/wp-json\/wp\/v2\/product"}],"about":[{"href":"https:\/\/www.ernstbrunn-apotheke.at\/katalog\/wp-json\/wp\/v2\/types\/product"}],"wp:attachment":[{"href":"https:\/\/www.ernstbrunn-apotheke.at\/katalog\/wp-json\/wp\/v2\/media?parent=34158"}],"wp:term":[{"taxonomy":"product_brand","embeddable":true,"href":"https:\/\/www.ernstbrunn-apotheke.at\/katalog\/wp-json\/wp\/v2\/product_brand?post=34158"},{"taxonomy":"product_cat","embeddable":true,"href":"https:\/\/www.ernstbrunn-apotheke.at\/katalog\/wp-json\/wp\/v2\/product_cat?post=34158"},{"taxonomy":"product_tag","embeddable":true,"href":"https:\/\/www.ernstbrunn-apotheke.at\/katalog\/wp-json\/wp\/v2\/product_tag?post=34158"}],"curies":[{"name":"wp","href":"https:\/\/api.w.org\/{rel}","templated":true}]}}