{"id":34135,"date":"2025-11-10T12:06:27","date_gmt":"2025-11-10T11:06:27","guid":{"rendered":"https:\/\/www.ernstbrunn-apotheke.at\/katalog\/produkt\/tepe-interdentalbuerste-x-weich-6-stk-gemischt\/"},"modified":"2025-12-08T15:30:34","modified_gmt":"2025-12-08T14:30:34","slug":"tepe-interdentalbuerste-x-weich-6-stk-gemischt","status":"publish","type":"product","link":"https:\/\/www.ernstbrunn-apotheke.at\/katalog\/produkt\/tepe-interdentalbuerste-x-weich-6-stk-gemischt\/","title":{"rendered":"TePe Interdentalb\u00fcrste X-weich 6 Stk. Gemischt"},"content":{"rendered":"<p>Eine Interdentalb\u00fcrste ist eine kleine B\u00fcrste, die speziell f\u00fcr die Reinigung zwischen den Z\u00e4hnen entwickelt wurde &#8211; da wo eine normale Zahnb\u00fcrste nicht hinkommt. Die Benutzung einer Interdentalb\u00fcrste als Erg\u00e4nzung zum Z\u00e4hneputzen ist eine einfache und effiziente Methode, Zahnfleisch und Z\u00e4hne gesund zu halten. Die Reinigung mit einer Interdentalb\u00fcrste sch\u00fctzt vor Zahnfleischentz\u00fcndungen, Karies und schlechtem Atem.<\/p>\n","protected":false},"excerpt":{"rendered":"<p>Eine Interdentalb\u00fcrste ist eine kleine B\u00fcrste, die speziell f\u00fcr die Reinigung zwischen den Z\u00e4hnen entwickelt wurde &#8211; da wo eine normale Zahnb\u00fcrste nicht hinkommt. Die Benutzung einer Interdentalb\u00fcrste als Erg\u00e4nzung zum Z\u00e4hneputzen ist eine einfache und effiziente Methode, Zahnfleisch und Z\u00e4hne gesund zu halten. Die Reinigung mit einer Interdentalb\u00fcrste sch\u00fctzt vor Zahnfleischentz\u00fcndungen, Karies und schlechtem [&hellip;]<\/p>\n","protected":false},"featured_media":34137,"template":"","meta":{"_acf_changed":false},"product_brand":[881],"product_cat":[798],"product_tag":[],"class_list":{"0":"post-34135","1":"product","2":"type-product","3":"status-publish","4":"has-post-thumbnail","6":"product_brand-tepe","7":"product_cat-t","8":"pa_packungsgroesse-6-stueck","10":"first","11":"instock","12":"shipping-taxable","13":"purchasable","14":"product-type-simple"},"acf":[],"_links":{"self":[{"href":"https:\/\/www.ernstbrunn-apotheke.at\/katalog\/wp-json\/wp\/v2\/product\/34135","targetHints":{"allow":["GET"]}}],"collection":[{"href":"https:\/\/www.ernstbrunn-apotheke.at\/katalog\/wp-json\/wp\/v2\/product"}],"about":[{"href":"https:\/\/www.ernstbrunn-apotheke.at\/katalog\/wp-json\/wp\/v2\/types\/product"}],"wp:featuredmedia":[{"embeddable":true,"href":"https:\/\/www.ernstbrunn-apotheke.at\/katalog\/wp-json\/wp\/v2\/media\/34137"}],"wp:attachment":[{"href":"https:\/\/www.ernstbrunn-apotheke.at\/katalog\/wp-json\/wp\/v2\/media?parent=34135"}],"wp:term":[{"taxonomy":"product_brand","embeddable":true,"href":"https:\/\/www.ernstbrunn-apotheke.at\/katalog\/wp-json\/wp\/v2\/product_brand?post=34135"},{"taxonomy":"product_cat","embeddable":true,"href":"https:\/\/www.ernstbrunn-apotheke.at\/katalog\/wp-json\/wp\/v2\/product_cat?post=34135"},{"taxonomy":"product_tag","embeddable":true,"href":"https:\/\/www.ernstbrunn-apotheke.at\/katalog\/wp-json\/wp\/v2\/product_tag?post=34135"}],"curies":[{"name":"wp","href":"https:\/\/api.w.org\/{rel}","templated":true}]}}