{"id":34132,"date":"2025-11-10T12:06:27","date_gmt":"2025-11-10T11:06:27","guid":{"rendered":"https:\/\/www.ernstbrunn-apotheke.at\/katalog\/produkt\/curaprox-buerstenhalter-420-duo-silver-1-stk\/"},"modified":"2025-12-08T15:30:32","modified_gmt":"2025-12-08T14:30:32","slug":"curaprox-buerstenhalter-420-duo-silver-1-stk","status":"publish","type":"product","link":"https:\/\/www.ernstbrunn-apotheke.at\/katalog\/produkt\/curaprox-buerstenhalter-420-duo-silver-1-stk\/","title":{"rendered":"Curaprox B\u00fcrstenhalter 420 Duo Silver 1 Stk."},"content":{"rendered":"<p>Curaprox B\u00fcrstenhalter 420 Duo Sil ist passend f\u00fcr jede Interdentalb\u00fcrste von Curaprox, und so ist ein Einfaches, den ganz pers\u00f6nlichen Lieblingshalter zu finden: abgewinkelt oder gerade, mit Click. Gerade bei Seitenz\u00e4hnen sorgen die abgewinkelten Halter f\u00fcr eine besonders einfache Anwendung.<\/p>\n","protected":false},"excerpt":{"rendered":"<p>Curaprox B\u00fcrstenhalter 420 Duo Sil ist passend f\u00fcr jede Interdentalb\u00fcrste von Curaprox, und so ist ein Einfaches, den ganz pers\u00f6nlichen Lieblingshalter zu finden: abgewinkelt oder gerade, mit Click. Gerade bei Seitenz\u00e4hnen sorgen die abgewinkelten Halter f\u00fcr eine besonders einfache Anwendung.<\/p>\n","protected":false},"featured_media":34134,"template":"","meta":{"_acf_changed":false},"product_brand":[886],"product_cat":[812],"product_tag":[],"class_list":{"0":"post-34132","1":"product","2":"type-product","3":"status-publish","4":"has-post-thumbnail","6":"product_brand-curaprox","7":"product_cat-c","8":"pa_packungsgroesse-1-stueck","10":"first","11":"instock","12":"shipping-taxable","13":"purchasable","14":"product-type-simple"},"acf":[],"_links":{"self":[{"href":"https:\/\/www.ernstbrunn-apotheke.at\/katalog\/wp-json\/wp\/v2\/product\/34132","targetHints":{"allow":["GET"]}}],"collection":[{"href":"https:\/\/www.ernstbrunn-apotheke.at\/katalog\/wp-json\/wp\/v2\/product"}],"about":[{"href":"https:\/\/www.ernstbrunn-apotheke.at\/katalog\/wp-json\/wp\/v2\/types\/product"}],"wp:featuredmedia":[{"embeddable":true,"href":"https:\/\/www.ernstbrunn-apotheke.at\/katalog\/wp-json\/wp\/v2\/media\/34134"}],"wp:attachment":[{"href":"https:\/\/www.ernstbrunn-apotheke.at\/katalog\/wp-json\/wp\/v2\/media?parent=34132"}],"wp:term":[{"taxonomy":"product_brand","embeddable":true,"href":"https:\/\/www.ernstbrunn-apotheke.at\/katalog\/wp-json\/wp\/v2\/product_brand?post=34132"},{"taxonomy":"product_cat","embeddable":true,"href":"https:\/\/www.ernstbrunn-apotheke.at\/katalog\/wp-json\/wp\/v2\/product_cat?post=34132"},{"taxonomy":"product_tag","embeddable":true,"href":"https:\/\/www.ernstbrunn-apotheke.at\/katalog\/wp-json\/wp\/v2\/product_tag?post=34132"}],"curies":[{"name":"wp","href":"https:\/\/api.w.org\/{rel}","templated":true}]}}