{"id":34076,"date":"2025-11-10T12:05:26","date_gmt":"2025-11-10T11:05:26","guid":{"rendered":"https:\/\/www.ernstbrunn-apotheke.at\/katalog\/produkt\/curaprox-daily-gel-bdc100-60-ml\/"},"modified":"2025-12-08T15:29:59","modified_gmt":"2025-12-08T14:29:59","slug":"curaprox-daily-gel-bdc100-60-ml","status":"publish","type":"product","link":"https:\/\/www.ernstbrunn-apotheke.at\/katalog\/produkt\/curaprox-daily-gel-bdc100-60-ml\/","title":{"rendered":"Curaprox Daily Gel Bdc100 60 ml"},"content":{"rendered":"<p>Curaprox Daily Gel Bdc100 ist ein Reinigungsgel f\u00fcr die t\u00e4gliche Pflege. Das Gel pflegt nat\u00fcrlich und h\u00e4lt Prothesen lange wie neu. Es reinigt und desinfiziert schonend und sorgt so f\u00fcr eine lange Lebensdauer des Zahnersatzes.<\/p>\n","protected":false},"excerpt":{"rendered":"<p>Curaprox Daily Gel Bdc100 ist ein Reinigungsgel f\u00fcr die t\u00e4gliche Pflege. Das Gel pflegt nat\u00fcrlich und h\u00e4lt Prothesen lange wie neu. Es reinigt und desinfiziert schonend und sorgt so f\u00fcr eine lange Lebensdauer des Zahnersatzes.<\/p>\n","protected":false},"featured_media":34078,"template":"","meta":{"_acf_changed":false},"product_brand":[886],"product_cat":[812],"product_tag":[],"class_list":{"0":"post-34076","1":"product","2":"type-product","3":"status-publish","4":"has-post-thumbnail","6":"product_brand-curaprox","7":"product_cat-c","8":"pa_packungsgroesse-60ml","10":"first","11":"instock","12":"shipping-taxable","13":"purchasable","14":"product-type-simple"},"acf":[],"_links":{"self":[{"href":"https:\/\/www.ernstbrunn-apotheke.at\/katalog\/wp-json\/wp\/v2\/product\/34076","targetHints":{"allow":["GET"]}}],"collection":[{"href":"https:\/\/www.ernstbrunn-apotheke.at\/katalog\/wp-json\/wp\/v2\/product"}],"about":[{"href":"https:\/\/www.ernstbrunn-apotheke.at\/katalog\/wp-json\/wp\/v2\/types\/product"}],"wp:featuredmedia":[{"embeddable":true,"href":"https:\/\/www.ernstbrunn-apotheke.at\/katalog\/wp-json\/wp\/v2\/media\/34078"}],"wp:attachment":[{"href":"https:\/\/www.ernstbrunn-apotheke.at\/katalog\/wp-json\/wp\/v2\/media?parent=34076"}],"wp:term":[{"taxonomy":"product_brand","embeddable":true,"href":"https:\/\/www.ernstbrunn-apotheke.at\/katalog\/wp-json\/wp\/v2\/product_brand?post=34076"},{"taxonomy":"product_cat","embeddable":true,"href":"https:\/\/www.ernstbrunn-apotheke.at\/katalog\/wp-json\/wp\/v2\/product_cat?post=34076"},{"taxonomy":"product_tag","embeddable":true,"href":"https:\/\/www.ernstbrunn-apotheke.at\/katalog\/wp-json\/wp\/v2\/product_tag?post=34076"}],"curies":[{"name":"wp","href":"https:\/\/api.w.org\/{rel}","templated":true}]}}