{"id":33977,"date":"2025-11-10T12:03:40","date_gmt":"2025-11-10T11:03:40","guid":{"rendered":"https:\/\/www.ernstbrunn-apotheke.at\/katalog\/produkt\/apacare-liquid-zahn-und-mundbalsam-200-ml\/"},"modified":"2025-12-08T15:29:14","modified_gmt":"2025-12-08T14:29:14","slug":"apacare-liquid-zahn-und-mundbalsam-200-ml","status":"publish","type":"product","link":"https:\/\/www.ernstbrunn-apotheke.at\/katalog\/produkt\/apacare-liquid-zahn-und-mundbalsam-200-ml\/","title":{"rendered":"Apacare Liquid Zahn- und Mundbalsam 200 ml"},"content":{"rendered":"<p>Apacare Liquid Zahn- und Mundbalsam enth\u00e4lt wohltuende \u00e4therische \u00d6le, die Parodontitis vorbeugen und Mundbakterien anhaltend reduzieren. Auf den Z\u00e4hnen bildet sich ein angenehmer Schutzfilm aus fl\u00fcssigem Zahnschmelz, den man wohlwollend mit der Zunge wahrnimmt und der die Z\u00e4hne wirksam remineralisiert.<\/p>\n","protected":false},"excerpt":{"rendered":"<p>Apacare Liquid Zahn- und Mundbalsam enth\u00e4lt wohltuende \u00e4therische \u00d6le, die Parodontitis vorbeugen und Mundbakterien anhaltend reduzieren. Auf den Z\u00e4hnen bildet sich ein angenehmer Schutzfilm aus fl\u00fcssigem Zahnschmelz, den man wohlwollend mit der Zunge wahrnimmt und der die Z\u00e4hne wirksam remineralisiert.<\/p>\n","protected":false},"featured_media":33979,"template":"","meta":{"_acf_changed":false},"product_brand":[],"product_cat":[801],"product_tag":[],"class_list":{"0":"post-33977","1":"product","2":"type-product","3":"status-publish","4":"has-post-thumbnail","6":"product_cat-a","7":"pa_packungsgroesse-200ml","9":"first","10":"instock","11":"shipping-taxable","12":"purchasable","13":"product-type-simple"},"acf":[],"_links":{"self":[{"href":"https:\/\/www.ernstbrunn-apotheke.at\/katalog\/wp-json\/wp\/v2\/product\/33977","targetHints":{"allow":["GET"]}}],"collection":[{"href":"https:\/\/www.ernstbrunn-apotheke.at\/katalog\/wp-json\/wp\/v2\/product"}],"about":[{"href":"https:\/\/www.ernstbrunn-apotheke.at\/katalog\/wp-json\/wp\/v2\/types\/product"}],"wp:featuredmedia":[{"embeddable":true,"href":"https:\/\/www.ernstbrunn-apotheke.at\/katalog\/wp-json\/wp\/v2\/media\/33979"}],"wp:attachment":[{"href":"https:\/\/www.ernstbrunn-apotheke.at\/katalog\/wp-json\/wp\/v2\/media?parent=33977"}],"wp:term":[{"taxonomy":"product_brand","embeddable":true,"href":"https:\/\/www.ernstbrunn-apotheke.at\/katalog\/wp-json\/wp\/v2\/product_brand?post=33977"},{"taxonomy":"product_cat","embeddable":true,"href":"https:\/\/www.ernstbrunn-apotheke.at\/katalog\/wp-json\/wp\/v2\/product_cat?post=33977"},{"taxonomy":"product_tag","embeddable":true,"href":"https:\/\/www.ernstbrunn-apotheke.at\/katalog\/wp-json\/wp\/v2\/product_tag?post=33977"}],"curies":[{"name":"wp","href":"https:\/\/api.w.org\/{rel}","templated":true}]}}