{"id":33942,"date":"2025-11-10T12:02:41","date_gmt":"2025-11-10T11:02:41","guid":{"rendered":"https:\/\/www.ernstbrunn-apotheke.at\/katalog\/produkt\/aldiamed-mundspray-50-ml\/"},"modified":"2025-12-08T15:28:55","modified_gmt":"2025-12-08T14:28:55","slug":"aldiamed-mundspray-50-ml","status":"publish","type":"product","link":"https:\/\/www.ernstbrunn-apotheke.at\/katalog\/produkt\/aldiamed-mundspray-50-ml\/","title":{"rendered":"Aldiamed Mundspray 50 ml"},"content":{"rendered":"<p>Aldiamed Mundspray ist ein Gelfluid zur Befeuchtung und Behandlung bei Mundtrockenheit. Der Spray legt sich wie ein Schutzfilm auf die Mundschleimhaut und schenkt ein angenehm feuchtes und frisches Mundgef\u00fchl. Die praktische Spr\u00fchflasche erm\u00f6glicht ein einfaches, hygienisches Dosieren, ideal f\u00fcr unterwegs und zwischendurch.<\/p>\n","protected":false},"excerpt":{"rendered":"<p>Aldiamed Mundspray ist ein Gelfluid zur Befeuchtung und Behandlung bei Mundtrockenheit. Der Spray legt sich wie ein Schutzfilm auf die Mundschleimhaut und schenkt ein angenehm feuchtes und frisches Mundgef\u00fchl. Die praktische Spr\u00fchflasche erm\u00f6glicht ein einfaches, hygienisches Dosieren, ideal f\u00fcr unterwegs und zwischendurch.<\/p>\n","protected":false},"featured_media":33944,"template":"","meta":{"_acf_changed":false},"product_brand":[],"product_cat":[801],"product_tag":[],"class_list":{"0":"post-33942","1":"product","2":"type-product","3":"status-publish","4":"has-post-thumbnail","6":"product_cat-a","7":"pa_packungsgroesse-50ml","9":"first","10":"instock","11":"shipping-taxable","12":"purchasable","13":"product-type-simple"},"acf":[],"_links":{"self":[{"href":"https:\/\/www.ernstbrunn-apotheke.at\/katalog\/wp-json\/wp\/v2\/product\/33942","targetHints":{"allow":["GET"]}}],"collection":[{"href":"https:\/\/www.ernstbrunn-apotheke.at\/katalog\/wp-json\/wp\/v2\/product"}],"about":[{"href":"https:\/\/www.ernstbrunn-apotheke.at\/katalog\/wp-json\/wp\/v2\/types\/product"}],"wp:featuredmedia":[{"embeddable":true,"href":"https:\/\/www.ernstbrunn-apotheke.at\/katalog\/wp-json\/wp\/v2\/media\/33944"}],"wp:attachment":[{"href":"https:\/\/www.ernstbrunn-apotheke.at\/katalog\/wp-json\/wp\/v2\/media?parent=33942"}],"wp:term":[{"taxonomy":"product_brand","embeddable":true,"href":"https:\/\/www.ernstbrunn-apotheke.at\/katalog\/wp-json\/wp\/v2\/product_brand?post=33942"},{"taxonomy":"product_cat","embeddable":true,"href":"https:\/\/www.ernstbrunn-apotheke.at\/katalog\/wp-json\/wp\/v2\/product_cat?post=33942"},{"taxonomy":"product_tag","embeddable":true,"href":"https:\/\/www.ernstbrunn-apotheke.at\/katalog\/wp-json\/wp\/v2\/product_tag?post=33942"}],"curies":[{"name":"wp","href":"https:\/\/api.w.org\/{rel}","templated":true}]}}