{"id":33825,"date":"2025-11-10T12:00:48","date_gmt":"2025-11-10T11:00:48","guid":{"rendered":"https:\/\/www.ernstbrunn-apotheke.at\/katalog\/produkt\/curaprox-cps-14z-f-zyl-orange-5-stk\/"},"modified":"2025-12-08T15:28:09","modified_gmt":"2025-12-08T14:28:09","slug":"curaprox-cps-14z-f-zyl-orange-5-stk","status":"publish","type":"product","link":"https:\/\/www.ernstbrunn-apotheke.at\/katalog\/produkt\/curaprox-cps-14z-f-zyl-orange-5-stk\/","title":{"rendered":"Curaprox Cps 14z F Zyl Orange 5 Stk."},"content":{"rendered":"<p>Curaprox Cps 14z F Zyl sind die feinsten B\u00fcrstchen auf dem Markt. Sie dienen zur besonders einfachen und wirksamen Pr\u00e4vention von Seitenzahnkaries, Gingivitis und Parodontitis. Bei der Qualit\u00e4t dieser B\u00fcrsten reicht eine einzige Putzbewegung v\u00f6llig aus  einmal rein und raus.<\/p>\n","protected":false},"excerpt":{"rendered":"<p>Curaprox Cps 14z F Zyl sind die feinsten B\u00fcrstchen auf dem Markt. Sie dienen zur besonders einfachen und wirksamen Pr\u00e4vention von Seitenzahnkaries, Gingivitis und Parodontitis. Bei der Qualit\u00e4t dieser B\u00fcrsten reicht eine einzige Putzbewegung v\u00f6llig aus einmal rein und raus.<\/p>\n","protected":false},"featured_media":33827,"template":"","meta":{"_acf_changed":false},"product_brand":[886],"product_cat":[812],"product_tag":[],"class_list":{"0":"post-33825","1":"product","2":"type-product","3":"status-publish","4":"has-post-thumbnail","6":"product_brand-curaprox","7":"product_cat-c","8":"pa_packungsgroesse-5-stueck","10":"first","11":"instock","12":"shipping-taxable","13":"purchasable","14":"product-type-simple"},"acf":[],"_links":{"self":[{"href":"https:\/\/www.ernstbrunn-apotheke.at\/katalog\/wp-json\/wp\/v2\/product\/33825","targetHints":{"allow":["GET"]}}],"collection":[{"href":"https:\/\/www.ernstbrunn-apotheke.at\/katalog\/wp-json\/wp\/v2\/product"}],"about":[{"href":"https:\/\/www.ernstbrunn-apotheke.at\/katalog\/wp-json\/wp\/v2\/types\/product"}],"wp:featuredmedia":[{"embeddable":true,"href":"https:\/\/www.ernstbrunn-apotheke.at\/katalog\/wp-json\/wp\/v2\/media\/33827"}],"wp:attachment":[{"href":"https:\/\/www.ernstbrunn-apotheke.at\/katalog\/wp-json\/wp\/v2\/media?parent=33825"}],"wp:term":[{"taxonomy":"product_brand","embeddable":true,"href":"https:\/\/www.ernstbrunn-apotheke.at\/katalog\/wp-json\/wp\/v2\/product_brand?post=33825"},{"taxonomy":"product_cat","embeddable":true,"href":"https:\/\/www.ernstbrunn-apotheke.at\/katalog\/wp-json\/wp\/v2\/product_cat?post=33825"},{"taxonomy":"product_tag","embeddable":true,"href":"https:\/\/www.ernstbrunn-apotheke.at\/katalog\/wp-json\/wp\/v2\/product_tag?post=33825"}],"curies":[{"name":"wp","href":"https:\/\/api.w.org\/{rel}","templated":true}]}}