{"id":33809,"date":"2025-11-10T12:00:31","date_gmt":"2025-11-10T11:00:31","guid":{"rendered":"https:\/\/www.ernstbrunn-apotheke.at\/katalog\/produkt\/fittydent-super-haft-creme-sensitiv\/"},"modified":"2025-12-08T15:28:04","modified_gmt":"2025-12-08T14:28:04","slug":"fittydent-super-haft-creme-sensitiv","status":"publish","type":"product","link":"https:\/\/www.ernstbrunn-apotheke.at\/katalog\/produkt\/fittydent-super-haft-creme-sensitiv\/","title":{"rendered":"Fittydent Super Haft-Creme sensitiv"},"content":{"rendered":"<p>Fittydent Super Haft-Creme sensitiv mit Aloe Vera &#038; Myrrhe lindert und beugt Zahnfleischproblemen vor. Studien zufolge kann Aloe Vera auf den menschlichen K\u00f6rper bei innerlicher wie \u00e4u\u00dferlicher Anwendung entz\u00fcndungshemmend, antibakteriell und antiseptisch wirken. Der PVA Klebeeffekt verhindert zudem ein Verrutschen und Verschieben der Prothese und damit auch Reizungen der Schleimhaut.<\/p>\n","protected":false},"excerpt":{"rendered":"<p>Fittydent Super Haft-Creme sensitiv mit Aloe Vera &#038; Myrrhe lindert und beugt Zahnfleischproblemen vor. Studien zufolge kann Aloe Vera auf den menschlichen K\u00f6rper bei innerlicher wie \u00e4u\u00dferlicher Anwendung entz\u00fcndungshemmend, antibakteriell und antiseptisch wirken. Der PVA Klebeeffekt verhindert zudem ein Verrutschen und Verschieben der Prothese und damit auch Reizungen der Schleimhaut.<\/p>\n","protected":false},"featured_media":33811,"template":"","meta":{"_acf_changed":false},"product_brand":[890],"product_cat":[809],"product_tag":[],"class_list":{"0":"post-33809","1":"product","2":"type-product","3":"status-publish","4":"has-post-thumbnail","6":"product_brand-fittydent","7":"product_cat-f","8":"pa_packungsgroesse-40g","10":"first","11":"instock","12":"shipping-taxable","13":"purchasable","14":"product-type-simple"},"acf":[],"_links":{"self":[{"href":"https:\/\/www.ernstbrunn-apotheke.at\/katalog\/wp-json\/wp\/v2\/product\/33809","targetHints":{"allow":["GET"]}}],"collection":[{"href":"https:\/\/www.ernstbrunn-apotheke.at\/katalog\/wp-json\/wp\/v2\/product"}],"about":[{"href":"https:\/\/www.ernstbrunn-apotheke.at\/katalog\/wp-json\/wp\/v2\/types\/product"}],"wp:featuredmedia":[{"embeddable":true,"href":"https:\/\/www.ernstbrunn-apotheke.at\/katalog\/wp-json\/wp\/v2\/media\/33811"}],"wp:attachment":[{"href":"https:\/\/www.ernstbrunn-apotheke.at\/katalog\/wp-json\/wp\/v2\/media?parent=33809"}],"wp:term":[{"taxonomy":"product_brand","embeddable":true,"href":"https:\/\/www.ernstbrunn-apotheke.at\/katalog\/wp-json\/wp\/v2\/product_brand?post=33809"},{"taxonomy":"product_cat","embeddable":true,"href":"https:\/\/www.ernstbrunn-apotheke.at\/katalog\/wp-json\/wp\/v2\/product_cat?post=33809"},{"taxonomy":"product_tag","embeddable":true,"href":"https:\/\/www.ernstbrunn-apotheke.at\/katalog\/wp-json\/wp\/v2\/product_tag?post=33809"}],"curies":[{"name":"wp","href":"https:\/\/api.w.org\/{rel}","templated":true}]}}