{"id":33792,"date":"2025-11-10T12:00:18","date_gmt":"2025-11-10T11:00:18","guid":{"rendered":"https:\/\/www.ernstbrunn-apotheke.at\/katalog\/produkt\/tepe-interdentalbuerste-groesse-7-6-stk\/"},"modified":"2025-12-08T15:27:59","modified_gmt":"2025-12-08T14:27:59","slug":"tepe-interdentalbuerste-groesse-7-6-stk","status":"publish","type":"product","link":"https:\/\/www.ernstbrunn-apotheke.at\/katalog\/produkt\/tepe-interdentalbuerste-groesse-7-6-stk\/","title":{"rendered":"TePe Interdentalb\u00fcrste Gr\u00f6\u00dfe 7 6 Stk."},"content":{"rendered":"<p>TePe Interdentalb\u00fcrste grau 1,3 mm ist eine kleine B\u00fcrste, die speziell f\u00fcr die Reinigung zwischen den Z\u00e4hnen entwickelt wurde. Sie kann dort reinigen, wo eine normale Zahnb\u00fcrste nicht hinkommt und h\u00e4lt Zahnfleisch und Z\u00e4hne gesund.Interdentalb\u00fcrsten sch\u00fctzen vor Zahnfleischentz\u00fcndungen, Karies und schlechtem Atem.<\/p>\n","protected":false},"excerpt":{"rendered":"<p>TePe Interdentalb\u00fcrste grau 1,3 mm ist eine kleine B\u00fcrste, die speziell f\u00fcr die Reinigung zwischen den Z\u00e4hnen entwickelt wurde. Sie kann dort reinigen, wo eine normale Zahnb\u00fcrste nicht hinkommt und h\u00e4lt Zahnfleisch und Z\u00e4hne gesund.Interdentalb\u00fcrsten sch\u00fctzen vor Zahnfleischentz\u00fcndungen, Karies und schlechtem Atem.<\/p>\n","protected":false},"featured_media":33794,"template":"","meta":{"_acf_changed":false},"product_brand":[881],"product_cat":[798],"product_tag":[],"class_list":{"0":"post-33792","1":"product","2":"type-product","3":"status-publish","4":"has-post-thumbnail","6":"product_brand-tepe","7":"product_cat-t","8":"pa_packungsgroesse-6-stueck","10":"first","11":"instock","12":"shipping-taxable","13":"purchasable","14":"product-type-simple"},"acf":[],"_links":{"self":[{"href":"https:\/\/www.ernstbrunn-apotheke.at\/katalog\/wp-json\/wp\/v2\/product\/33792","targetHints":{"allow":["GET"]}}],"collection":[{"href":"https:\/\/www.ernstbrunn-apotheke.at\/katalog\/wp-json\/wp\/v2\/product"}],"about":[{"href":"https:\/\/www.ernstbrunn-apotheke.at\/katalog\/wp-json\/wp\/v2\/types\/product"}],"wp:featuredmedia":[{"embeddable":true,"href":"https:\/\/www.ernstbrunn-apotheke.at\/katalog\/wp-json\/wp\/v2\/media\/33794"}],"wp:attachment":[{"href":"https:\/\/www.ernstbrunn-apotheke.at\/katalog\/wp-json\/wp\/v2\/media?parent=33792"}],"wp:term":[{"taxonomy":"product_brand","embeddable":true,"href":"https:\/\/www.ernstbrunn-apotheke.at\/katalog\/wp-json\/wp\/v2\/product_brand?post=33792"},{"taxonomy":"product_cat","embeddable":true,"href":"https:\/\/www.ernstbrunn-apotheke.at\/katalog\/wp-json\/wp\/v2\/product_cat?post=33792"},{"taxonomy":"product_tag","embeddable":true,"href":"https:\/\/www.ernstbrunn-apotheke.at\/katalog\/wp-json\/wp\/v2\/product_tag?post=33792"}],"curies":[{"name":"wp","href":"https:\/\/api.w.org\/{rel}","templated":true}]}}