{"id":33769,"date":"2025-11-10T11:59:52","date_gmt":"2025-11-10T10:59:52","guid":{"rendered":"https:\/\/www.ernstbrunn-apotheke.at\/katalog\/produkt\/tebodont-spray-25-ml\/"},"modified":"2025-12-08T15:27:54","modified_gmt":"2025-12-08T14:27:54","slug":"tebodont-spray-25-ml","status":"publish","type":"product","link":"https:\/\/www.ernstbrunn-apotheke.at\/katalog\/produkt\/tebodont-spray-25-ml\/","title":{"rendered":"Tebodont Spray 25 ml"},"content":{"rendered":"<p>Tebodont Spray ist ein Mundspray mit Teebaum\u00f6l und wird bei entz\u00fcndlichen Beschwerden im Mund- und Rachenraum eingesetzt. Das Spray  pflegt, kr\u00e4ftigt, beruhigt und regeneriert das Zahnfleisch, verf\u00e4rbt die Z\u00e4hne nicht und hemmt zudem die Plaquebildung..<\/p>\n","protected":false},"excerpt":{"rendered":"<p>Tebodont Spray ist ein Mundspray mit Teebaum\u00f6l und wird bei entz\u00fcndlichen Beschwerden im Mund- und Rachenraum eingesetzt. Das Spray pflegt, kr\u00e4ftigt, beruhigt und regeneriert das Zahnfleisch, verf\u00e4rbt die Z\u00e4hne nicht und hemmt zudem die Plaquebildung..<\/p>\n","protected":false},"featured_media":33771,"template":"","meta":{"_acf_changed":false},"product_brand":[],"product_cat":[798],"product_tag":[],"class_list":{"0":"post-33769","1":"product","2":"type-product","3":"status-publish","4":"has-post-thumbnail","6":"product_cat-t","7":"pa_packungsgroesse-25ml","9":"first","10":"instock","11":"shipping-taxable","12":"purchasable","13":"product-type-simple"},"acf":[],"_links":{"self":[{"href":"https:\/\/www.ernstbrunn-apotheke.at\/katalog\/wp-json\/wp\/v2\/product\/33769","targetHints":{"allow":["GET"]}}],"collection":[{"href":"https:\/\/www.ernstbrunn-apotheke.at\/katalog\/wp-json\/wp\/v2\/product"}],"about":[{"href":"https:\/\/www.ernstbrunn-apotheke.at\/katalog\/wp-json\/wp\/v2\/types\/product"}],"wp:featuredmedia":[{"embeddable":true,"href":"https:\/\/www.ernstbrunn-apotheke.at\/katalog\/wp-json\/wp\/v2\/media\/33771"}],"wp:attachment":[{"href":"https:\/\/www.ernstbrunn-apotheke.at\/katalog\/wp-json\/wp\/v2\/media?parent=33769"}],"wp:term":[{"taxonomy":"product_brand","embeddable":true,"href":"https:\/\/www.ernstbrunn-apotheke.at\/katalog\/wp-json\/wp\/v2\/product_brand?post=33769"},{"taxonomy":"product_cat","embeddable":true,"href":"https:\/\/www.ernstbrunn-apotheke.at\/katalog\/wp-json\/wp\/v2\/product_cat?post=33769"},{"taxonomy":"product_tag","embeddable":true,"href":"https:\/\/www.ernstbrunn-apotheke.at\/katalog\/wp-json\/wp\/v2\/product_tag?post=33769"}],"curies":[{"name":"wp","href":"https:\/\/api.w.org\/{rel}","templated":true}]}}