{"id":33723,"date":"2025-11-10T11:59:02","date_gmt":"2025-11-10T10:59:02","guid":{"rendered":"https:\/\/www.ernstbrunn-apotheke.at\/katalog\/produkt\/elmex-karieschutz-zahnseide-gewachst-50-m\/"},"modified":"2025-12-08T15:27:37","modified_gmt":"2025-12-08T14:27:37","slug":"elmex-karieschutz-zahnseide-gewachst-50-m","status":"publish","type":"product","link":"https:\/\/www.ernstbrunn-apotheke.at\/katalog\/produkt\/elmex-karieschutz-zahnseide-gewachst-50-m\/","title":{"rendered":"Elmex Karieschutz Zahnseide gewachst 50 m"},"content":{"rendered":"<p>Elmex Zahnseide f\u00fcr unge\u00fcbte Anwender zur gr\u00fcndlichen Plaqueentfernung an den Zahnzwischenr\u00e4umen.<\/p>\n","protected":false},"excerpt":{"rendered":"<p>Elmex Zahnseide f\u00fcr unge\u00fcbte Anwender zur gr\u00fcndlichen Plaqueentfernung an den Zahnzwischenr\u00e4umen.<\/p>\n","protected":false},"featured_media":33725,"template":"","meta":{"_acf_changed":false},"product_brand":[313],"product_cat":[794],"product_tag":[],"class_list":{"0":"post-33723","1":"product","2":"type-product","3":"status-publish","4":"has-post-thumbnail","6":"product_brand-elmex","7":"product_cat-e","8":"pa_packungsgroesse-887","10":"first","11":"instock","12":"shipping-taxable","13":"purchasable","14":"product-type-simple"},"acf":[],"_links":{"self":[{"href":"https:\/\/www.ernstbrunn-apotheke.at\/katalog\/wp-json\/wp\/v2\/product\/33723","targetHints":{"allow":["GET"]}}],"collection":[{"href":"https:\/\/www.ernstbrunn-apotheke.at\/katalog\/wp-json\/wp\/v2\/product"}],"about":[{"href":"https:\/\/www.ernstbrunn-apotheke.at\/katalog\/wp-json\/wp\/v2\/types\/product"}],"wp:featuredmedia":[{"embeddable":true,"href":"https:\/\/www.ernstbrunn-apotheke.at\/katalog\/wp-json\/wp\/v2\/media\/33725"}],"wp:attachment":[{"href":"https:\/\/www.ernstbrunn-apotheke.at\/katalog\/wp-json\/wp\/v2\/media?parent=33723"}],"wp:term":[{"taxonomy":"product_brand","embeddable":true,"href":"https:\/\/www.ernstbrunn-apotheke.at\/katalog\/wp-json\/wp\/v2\/product_brand?post=33723"},{"taxonomy":"product_cat","embeddable":true,"href":"https:\/\/www.ernstbrunn-apotheke.at\/katalog\/wp-json\/wp\/v2\/product_cat?post=33723"},{"taxonomy":"product_tag","embeddable":true,"href":"https:\/\/www.ernstbrunn-apotheke.at\/katalog\/wp-json\/wp\/v2\/product_tag?post=33723"}],"curies":[{"name":"wp","href":"https:\/\/api.w.org\/{rel}","templated":true}]}}