{"id":33690,"date":"2025-11-10T11:58:35","date_gmt":"2025-11-10T10:58:35","guid":{"rendered":"https:\/\/www.ernstbrunn-apotheke.at\/katalog\/produkt\/meridol-mundspuelloesung-sicherer-atem-400-ml\/"},"modified":"2025-12-08T15:27:27","modified_gmt":"2025-12-08T14:27:27","slug":"meridol-mundspuelloesung-sicherer-atem-400-ml","status":"publish","type":"product","link":"https:\/\/www.ernstbrunn-apotheke.at\/katalog\/produkt\/meridol-mundspuelloesung-sicherer-atem-400-ml\/","title":{"rendered":"Meridol Mundsp\u00fcll\u00f6sung Sicherer Atem 400 ml"},"content":{"rendered":"<p>meridol\u00ae Sicherer Atem Mundsp\u00fcll\u00f6sung sch\u00fctzt wirksam vor schlechtem Atem und wirkt gleich nach der ersten Anwendung. Erh\u00e4ltlich in den Packungsgr\u00f6\u00dfen 100ml und 400ml.<\/p>\n","protected":false},"excerpt":{"rendered":"<p>meridol\u00ae Sicherer Atem Mundsp\u00fcll\u00f6sung sch\u00fctzt wirksam vor schlechtem Atem und wirkt gleich nach der ersten Anwendung. Erh\u00e4ltlich in den Packungsgr\u00f6\u00dfen 100ml und 400ml.<\/p>\n","protected":false},"featured_media":33692,"template":"","meta":{"_acf_changed":false},"product_brand":[880],"product_cat":[800],"product_tag":[],"class_list":{"0":"post-33690","1":"product","2":"type-product","3":"status-publish","4":"has-post-thumbnail","6":"product_brand-meridol","7":"product_cat-m","8":"pa_packungsgroesse-400ml","10":"first","11":"instock","12":"shipping-taxable","13":"purchasable","14":"product-type-simple"},"acf":[],"_links":{"self":[{"href":"https:\/\/www.ernstbrunn-apotheke.at\/katalog\/wp-json\/wp\/v2\/product\/33690","targetHints":{"allow":["GET"]}}],"collection":[{"href":"https:\/\/www.ernstbrunn-apotheke.at\/katalog\/wp-json\/wp\/v2\/product"}],"about":[{"href":"https:\/\/www.ernstbrunn-apotheke.at\/katalog\/wp-json\/wp\/v2\/types\/product"}],"wp:featuredmedia":[{"embeddable":true,"href":"https:\/\/www.ernstbrunn-apotheke.at\/katalog\/wp-json\/wp\/v2\/media\/33692"}],"wp:attachment":[{"href":"https:\/\/www.ernstbrunn-apotheke.at\/katalog\/wp-json\/wp\/v2\/media?parent=33690"}],"wp:term":[{"taxonomy":"product_brand","embeddable":true,"href":"https:\/\/www.ernstbrunn-apotheke.at\/katalog\/wp-json\/wp\/v2\/product_brand?post=33690"},{"taxonomy":"product_cat","embeddable":true,"href":"https:\/\/www.ernstbrunn-apotheke.at\/katalog\/wp-json\/wp\/v2\/product_cat?post=33690"},{"taxonomy":"product_tag","embeddable":true,"href":"https:\/\/www.ernstbrunn-apotheke.at\/katalog\/wp-json\/wp\/v2\/product_tag?post=33690"}],"curies":[{"name":"wp","href":"https:\/\/api.w.org\/{rel}","templated":true}]}}