{"id":33636,"date":"2025-11-10T11:57:40","date_gmt":"2025-11-10T10:57:40","guid":{"rendered":"https:\/\/www.ernstbrunn-apotheke.at\/katalog\/produkt\/gum-paroex-chx-006-ohne-alkohol-500-ml\/"},"modified":"2025-12-08T15:27:10","modified_gmt":"2025-12-08T14:27:10","slug":"gum-paroex-chx-006-ohne-alkohol-500-ml","status":"publish","type":"product","link":"https:\/\/www.ernstbrunn-apotheke.at\/katalog\/produkt\/gum-paroex-chx-006-ohne-alkohol-500-ml\/","title":{"rendered":"Gum Paroex Chx 0,06% ohne Alkohol 500 ml"},"content":{"rendered":"<p>Gum Paroex Chx ist eine Mundsp\u00fclung, welche f\u00fcr eine professionelle Plaquekontrolle sorgt. Der bakterielle Zahnbelag wird dank der Sp\u00fclung reduziert und das empfindliche Zahnfleisch beruhigt und mit wichtigen Inhaltsstoffen gesch\u00fctzt. Bakterien, welche zur Sch\u00e4digung der Z\u00e4hne beitragen k\u00f6nnen, werden mit der Mundsp\u00fclung bek\u00e4mpft. F\u00fcr rundum saubere und gesunde Z\u00e4hne.Dieses Produkt erhalten Sie in den Packungsgr\u00f6\u00dfen 300 ml und 500 ml.<\/p>\n","protected":false},"excerpt":{"rendered":"<p>Gum Paroex Chx ist eine Mundsp\u00fclung, welche f\u00fcr eine professionelle Plaquekontrolle sorgt. Der bakterielle Zahnbelag wird dank der Sp\u00fclung reduziert und das empfindliche Zahnfleisch beruhigt und mit wichtigen Inhaltsstoffen gesch\u00fctzt. Bakterien, welche zur Sch\u00e4digung der Z\u00e4hne beitragen k\u00f6nnen, werden mit der Mundsp\u00fclung bek\u00e4mpft. F\u00fcr rundum saubere und gesunde Z\u00e4hne.Dieses Produkt erhalten Sie in den Packungsgr\u00f6\u00dfen [&hellip;]<\/p>\n","protected":false},"featured_media":33638,"template":"","meta":{"_acf_changed":false},"product_brand":[894],"product_cat":[810],"product_tag":[],"class_list":{"0":"post-33636","1":"product","2":"type-product","3":"status-publish","4":"has-post-thumbnail","6":"product_brand-g-u-m","7":"product_cat-g","8":"pa_packungsgroesse-500ml","10":"first","11":"instock","12":"shipping-taxable","13":"purchasable","14":"product-type-simple"},"acf":[],"_links":{"self":[{"href":"https:\/\/www.ernstbrunn-apotheke.at\/katalog\/wp-json\/wp\/v2\/product\/33636","targetHints":{"allow":["GET"]}}],"collection":[{"href":"https:\/\/www.ernstbrunn-apotheke.at\/katalog\/wp-json\/wp\/v2\/product"}],"about":[{"href":"https:\/\/www.ernstbrunn-apotheke.at\/katalog\/wp-json\/wp\/v2\/types\/product"}],"wp:featuredmedia":[{"embeddable":true,"href":"https:\/\/www.ernstbrunn-apotheke.at\/katalog\/wp-json\/wp\/v2\/media\/33638"}],"wp:attachment":[{"href":"https:\/\/www.ernstbrunn-apotheke.at\/katalog\/wp-json\/wp\/v2\/media?parent=33636"}],"wp:term":[{"taxonomy":"product_brand","embeddable":true,"href":"https:\/\/www.ernstbrunn-apotheke.at\/katalog\/wp-json\/wp\/v2\/product_brand?post=33636"},{"taxonomy":"product_cat","embeddable":true,"href":"https:\/\/www.ernstbrunn-apotheke.at\/katalog\/wp-json\/wp\/v2\/product_cat?post=33636"},{"taxonomy":"product_tag","embeddable":true,"href":"https:\/\/www.ernstbrunn-apotheke.at\/katalog\/wp-json\/wp\/v2\/product_tag?post=33636"}],"curies":[{"name":"wp","href":"https:\/\/api.w.org\/{rel}","templated":true}]}}