{"id":33581,"date":"2025-11-10T11:56:30","date_gmt":"2025-11-10T10:56:30","guid":{"rendered":"https:\/\/www.ernstbrunn-apotheke.at\/katalog\/produkt\/oral-b-zahnseide-proexp-premier-flow-40-m\/"},"modified":"2025-12-08T15:26:45","modified_gmt":"2025-12-08T14:26:45","slug":"oral-b-zahnseide-proexp-premier-flow-40-m","status":"publish","type":"product","link":"https:\/\/www.ernstbrunn-apotheke.at\/katalog\/produkt\/oral-b-zahnseide-proexp-premier-flow-40-m\/","title":{"rendered":"Oral B Zahnseide Proexp. Premier Flow 40 m"},"content":{"rendered":"<p>Oral-B ProExpert Premiumfloss Zahnseide einzigartige Geschmack erfrischender Minze macht die Nutzung der Zahnseide besonders angenehm. Ihr Fasermaterial gleitet leicht und angenehm durch die Zahnzwischenr\u00e4ume und entfernt Plaque effektiv. F\u00fcr ges\u00fcnderes Zahnfleisch in nur 2 Wochen..<\/p>\n","protected":false},"excerpt":{"rendered":"<p>Oral-B ProExpert Premiumfloss Zahnseide einzigartige Geschmack erfrischender Minze macht die Nutzung der Zahnseide besonders angenehm. Ihr Fasermaterial gleitet leicht und angenehm durch die Zahnzwischenr\u00e4ume und entfernt Plaque effektiv. F\u00fcr ges\u00fcnderes Zahnfleisch in nur 2 Wochen..<\/p>\n","protected":false},"featured_media":33583,"template":"","meta":{"_acf_changed":false},"product_brand":[879],"product_cat":[819],"product_tag":[],"class_list":{"0":"post-33581","1":"product","2":"type-product","3":"status-publish","4":"has-post-thumbnail","6":"product_brand-oral-b","7":"product_cat-o","8":"pa_packungsgroesse-905","10":"first","11":"instock","12":"shipping-taxable","13":"purchasable","14":"product-type-simple"},"acf":[],"_links":{"self":[{"href":"https:\/\/www.ernstbrunn-apotheke.at\/katalog\/wp-json\/wp\/v2\/product\/33581","targetHints":{"allow":["GET"]}}],"collection":[{"href":"https:\/\/www.ernstbrunn-apotheke.at\/katalog\/wp-json\/wp\/v2\/product"}],"about":[{"href":"https:\/\/www.ernstbrunn-apotheke.at\/katalog\/wp-json\/wp\/v2\/types\/product"}],"wp:featuredmedia":[{"embeddable":true,"href":"https:\/\/www.ernstbrunn-apotheke.at\/katalog\/wp-json\/wp\/v2\/media\/33583"}],"wp:attachment":[{"href":"https:\/\/www.ernstbrunn-apotheke.at\/katalog\/wp-json\/wp\/v2\/media?parent=33581"}],"wp:term":[{"taxonomy":"product_brand","embeddable":true,"href":"https:\/\/www.ernstbrunn-apotheke.at\/katalog\/wp-json\/wp\/v2\/product_brand?post=33581"},{"taxonomy":"product_cat","embeddable":true,"href":"https:\/\/www.ernstbrunn-apotheke.at\/katalog\/wp-json\/wp\/v2\/product_cat?post=33581"},{"taxonomy":"product_tag","embeddable":true,"href":"https:\/\/www.ernstbrunn-apotheke.at\/katalog\/wp-json\/wp\/v2\/product_tag?post=33581"}],"curies":[{"name":"wp","href":"https:\/\/api.w.org\/{rel}","templated":true}]}}