{"id":33432,"date":"2025-11-10T11:54:11","date_gmt":"2025-11-10T10:54:11","guid":{"rendered":"https:\/\/www.ernstbrunn-apotheke.at\/katalog\/produkt\/elmex-sensitive-zahnspuelung-400-ml\/"},"modified":"2025-12-08T15:25:53","modified_gmt":"2025-12-08T14:25:53","slug":"elmex-sensitive-zahnspuelung-400-ml","status":"publish","type":"product","link":"https:\/\/www.ernstbrunn-apotheke.at\/katalog\/produkt\/elmex-sensitive-zahnspuelung-400-ml\/","title":{"rendered":"Elmex Sensitive Zahnsp\u00fclung 400 ml"},"content":{"rendered":"<p>Elmex Sensitive Zahnsp\u00fclung ist die optimale Erg\u00e4nzung der t\u00e4glichen Zahnhygiene bei schmerzemfpindlichen Z\u00e4hnen.<\/p>\n","protected":false},"excerpt":{"rendered":"<p>Elmex Sensitive Zahnsp\u00fclung ist die optimale Erg\u00e4nzung der t\u00e4glichen Zahnhygiene bei schmerzemfpindlichen Z\u00e4hnen.<\/p>\n","protected":false},"featured_media":33434,"template":"","meta":{"_acf_changed":false},"product_brand":[313],"product_cat":[794],"product_tag":[],"class_list":{"0":"post-33432","1":"product","2":"type-product","3":"status-publish","4":"has-post-thumbnail","6":"product_brand-elmex","7":"product_cat-e","8":"pa_packungsgroesse-400ml","10":"first","11":"instock","12":"shipping-taxable","13":"purchasable","14":"product-type-simple"},"acf":[],"_links":{"self":[{"href":"https:\/\/www.ernstbrunn-apotheke.at\/katalog\/wp-json\/wp\/v2\/product\/33432","targetHints":{"allow":["GET"]}}],"collection":[{"href":"https:\/\/www.ernstbrunn-apotheke.at\/katalog\/wp-json\/wp\/v2\/product"}],"about":[{"href":"https:\/\/www.ernstbrunn-apotheke.at\/katalog\/wp-json\/wp\/v2\/types\/product"}],"wp:featuredmedia":[{"embeddable":true,"href":"https:\/\/www.ernstbrunn-apotheke.at\/katalog\/wp-json\/wp\/v2\/media\/33434"}],"wp:attachment":[{"href":"https:\/\/www.ernstbrunn-apotheke.at\/katalog\/wp-json\/wp\/v2\/media?parent=33432"}],"wp:term":[{"taxonomy":"product_brand","embeddable":true,"href":"https:\/\/www.ernstbrunn-apotheke.at\/katalog\/wp-json\/wp\/v2\/product_brand?post=33432"},{"taxonomy":"product_cat","embeddable":true,"href":"https:\/\/www.ernstbrunn-apotheke.at\/katalog\/wp-json\/wp\/v2\/product_cat?post=33432"},{"taxonomy":"product_tag","embeddable":true,"href":"https:\/\/www.ernstbrunn-apotheke.at\/katalog\/wp-json\/wp\/v2\/product_tag?post=33432"}],"curies":[{"name":"wp","href":"https:\/\/api.w.org\/{rel}","templated":true}]}}