{"id":33415,"date":"2025-11-10T11:53:57","date_gmt":"2025-11-10T10:53:57","guid":{"rendered":"https:\/\/www.ernstbrunn-apotheke.at\/katalog\/produkt\/cb12-mundwasserspuelung-mild-250-ml\/"},"modified":"2025-12-08T15:25:47","modified_gmt":"2025-12-08T14:25:47","slug":"cb12-mundwasserspuelung-mild-250-ml","status":"publish","type":"product","link":"https:\/\/www.ernstbrunn-apotheke.at\/katalog\/produkt\/cb12-mundwasserspuelung-mild-250-ml\/","title":{"rendered":"CB12 Mundwassersp\u00fclung Mild 250 ml"},"content":{"rendered":"<p>CB12\u00ae Mild ist ein Mundpflegepr\u00e4parat zur Vorbeugung und Behandlung schlechten Atems durch Neutralisierung der \u00fcbelriechenden Schwefelkomponenten in der Mundh\u00f6hle. Es ist besonders mild im Geschmack. Und das bei bew\u00e4hrt starker Wirkung.<\/p>\n","protected":false},"excerpt":{"rendered":"<p>CB12\u00ae Mild ist ein Mundpflegepr\u00e4parat zur Vorbeugung und Behandlung schlechten Atems durch Neutralisierung der \u00fcbelriechenden Schwefelkomponenten in der Mundh\u00f6hle. Es ist besonders mild im Geschmack. Und das bei bew\u00e4hrt starker Wirkung.<\/p>\n","protected":false},"featured_media":33417,"template":"","meta":{"_acf_changed":false},"product_brand":[883],"product_cat":[812],"product_tag":[],"class_list":{"0":"post-33415","1":"product","2":"type-product","3":"status-publish","4":"has-post-thumbnail","6":"product_brand-cb12","7":"product_cat-c","8":"pa_packungsgroesse-250ml","10":"first","11":"instock","12":"shipping-taxable","13":"purchasable","14":"product-type-simple"},"acf":[],"_links":{"self":[{"href":"https:\/\/www.ernstbrunn-apotheke.at\/katalog\/wp-json\/wp\/v2\/product\/33415","targetHints":{"allow":["GET"]}}],"collection":[{"href":"https:\/\/www.ernstbrunn-apotheke.at\/katalog\/wp-json\/wp\/v2\/product"}],"about":[{"href":"https:\/\/www.ernstbrunn-apotheke.at\/katalog\/wp-json\/wp\/v2\/types\/product"}],"wp:featuredmedia":[{"embeddable":true,"href":"https:\/\/www.ernstbrunn-apotheke.at\/katalog\/wp-json\/wp\/v2\/media\/33417"}],"wp:attachment":[{"href":"https:\/\/www.ernstbrunn-apotheke.at\/katalog\/wp-json\/wp\/v2\/media?parent=33415"}],"wp:term":[{"taxonomy":"product_brand","embeddable":true,"href":"https:\/\/www.ernstbrunn-apotheke.at\/katalog\/wp-json\/wp\/v2\/product_brand?post=33415"},{"taxonomy":"product_cat","embeddable":true,"href":"https:\/\/www.ernstbrunn-apotheke.at\/katalog\/wp-json\/wp\/v2\/product_cat?post=33415"},{"taxonomy":"product_tag","embeddable":true,"href":"https:\/\/www.ernstbrunn-apotheke.at\/katalog\/wp-json\/wp\/v2\/product_tag?post=33415"}],"curies":[{"name":"wp","href":"https:\/\/api.w.org\/{rel}","templated":true}]}}