{"id":33304,"date":"2025-11-10T11:51:47","date_gmt":"2025-11-10T10:51:47","guid":{"rendered":"https:\/\/www.ernstbrunn-apotheke.at\/katalog\/produkt\/dr-hauschka-med-mundspuelung-salbei\/"},"modified":"2025-12-08T15:25:10","modified_gmt":"2025-12-08T14:25:10","slug":"dr-hauschka-med-mundspuelung-salbei","status":"publish","type":"product","link":"https:\/\/www.ernstbrunn-apotheke.at\/katalog\/produkt\/dr-hauschka-med-mundspuelung-salbei\/","title":{"rendered":"Dr. Hauschka Med MUNDSP\u00dcLUNG SALBEI"},"content":{"rendered":"<p>Dr. Hauschka Mundsp\u00fclung Salbei beugt Entz\u00fcndungen im Mundraum vor, stabilisiert die Mundflora und verleiht das sichere Gef\u00fchl eines frischen Atems.<\/p>\n","protected":false},"excerpt":{"rendered":"<p>Dr. Hauschka Mundsp\u00fclung Salbei beugt Entz\u00fcndungen im Mundraum vor, stabilisiert die Mundflora und verleiht das sichere Gef\u00fchl eines frischen Atems.<\/p>\n","protected":false},"featured_media":33306,"template":"","meta":{"_acf_changed":false},"product_brand":[679],"product_cat":[792],"product_tag":[],"class_list":{"0":"post-33304","1":"product","2":"type-product","3":"status-publish","4":"has-post-thumbnail","6":"product_brand-dr-hauschka","7":"product_cat-d","8":"pa_packungsgroesse-300ml","10":"first","11":"instock","12":"shipping-taxable","13":"purchasable","14":"product-type-simple"},"acf":[],"_links":{"self":[{"href":"https:\/\/www.ernstbrunn-apotheke.at\/katalog\/wp-json\/wp\/v2\/product\/33304","targetHints":{"allow":["GET"]}}],"collection":[{"href":"https:\/\/www.ernstbrunn-apotheke.at\/katalog\/wp-json\/wp\/v2\/product"}],"about":[{"href":"https:\/\/www.ernstbrunn-apotheke.at\/katalog\/wp-json\/wp\/v2\/types\/product"}],"wp:featuredmedia":[{"embeddable":true,"href":"https:\/\/www.ernstbrunn-apotheke.at\/katalog\/wp-json\/wp\/v2\/media\/33306"}],"wp:attachment":[{"href":"https:\/\/www.ernstbrunn-apotheke.at\/katalog\/wp-json\/wp\/v2\/media?parent=33304"}],"wp:term":[{"taxonomy":"product_brand","embeddable":true,"href":"https:\/\/www.ernstbrunn-apotheke.at\/katalog\/wp-json\/wp\/v2\/product_brand?post=33304"},{"taxonomy":"product_cat","embeddable":true,"href":"https:\/\/www.ernstbrunn-apotheke.at\/katalog\/wp-json\/wp\/v2\/product_cat?post=33304"},{"taxonomy":"product_tag","embeddable":true,"href":"https:\/\/www.ernstbrunn-apotheke.at\/katalog\/wp-json\/wp\/v2\/product_tag?post=33304"}],"curies":[{"name":"wp","href":"https:\/\/api.w.org\/{rel}","templated":true}]}}