{"id":33283,"date":"2025-11-10T11:51:38","date_gmt":"2025-11-10T10:51:38","guid":{"rendered":"https:\/\/www.ernstbrunn-apotheke.at\/katalog\/produkt\/conaskin-tinktur-5-ml\/"},"modified":"2025-12-08T15:25:03","modified_gmt":"2025-12-08T14:25:03","slug":"conaskin-tinktur-5-ml","status":"publish","type":"product","link":"https:\/\/www.ernstbrunn-apotheke.at\/katalog\/produkt\/conaskin-tinktur-5-ml\/","title":{"rendered":"Conaskin Tinktur 5 ml"},"content":{"rendered":"<p>Conaskin Tinktur hilft der Mundschleimhaut und dem Zahnfleisch sich selbst zu helfen. Durch Unterst\u00fctzung der k\u00f6rpereigenen Regeneration wird eine schnellere Erholung gef\u00f6rdert, schon nach wenigen Anwendungen f\u00fchlen Sie sich deutlich besser.<\/p>\n","protected":false},"excerpt":{"rendered":"<p>Conaskin Tinktur hilft der Mundschleimhaut und dem Zahnfleisch sich selbst zu helfen. Durch Unterst\u00fctzung der k\u00f6rpereigenen Regeneration wird eine schnellere Erholung gef\u00f6rdert, schon nach wenigen Anwendungen f\u00fchlen Sie sich deutlich besser.<\/p>\n","protected":false},"featured_media":33285,"template":"","meta":{"_acf_changed":false},"product_brand":[],"product_cat":[812],"product_tag":[],"class_list":{"0":"post-33283","1":"product","2":"type-product","3":"status-publish","4":"has-post-thumbnail","6":"product_cat-c","7":"pa_packungsgroesse-5ml","9":"first","10":"instock","11":"shipping-taxable","12":"purchasable","13":"product-type-simple"},"acf":[],"_links":{"self":[{"href":"https:\/\/www.ernstbrunn-apotheke.at\/katalog\/wp-json\/wp\/v2\/product\/33283","targetHints":{"allow":["GET"]}}],"collection":[{"href":"https:\/\/www.ernstbrunn-apotheke.at\/katalog\/wp-json\/wp\/v2\/product"}],"about":[{"href":"https:\/\/www.ernstbrunn-apotheke.at\/katalog\/wp-json\/wp\/v2\/types\/product"}],"wp:featuredmedia":[{"embeddable":true,"href":"https:\/\/www.ernstbrunn-apotheke.at\/katalog\/wp-json\/wp\/v2\/media\/33285"}],"wp:attachment":[{"href":"https:\/\/www.ernstbrunn-apotheke.at\/katalog\/wp-json\/wp\/v2\/media?parent=33283"}],"wp:term":[{"taxonomy":"product_brand","embeddable":true,"href":"https:\/\/www.ernstbrunn-apotheke.at\/katalog\/wp-json\/wp\/v2\/product_brand?post=33283"},{"taxonomy":"product_cat","embeddable":true,"href":"https:\/\/www.ernstbrunn-apotheke.at\/katalog\/wp-json\/wp\/v2\/product_cat?post=33283"},{"taxonomy":"product_tag","embeddable":true,"href":"https:\/\/www.ernstbrunn-apotheke.at\/katalog\/wp-json\/wp\/v2\/product_tag?post=33283"}],"curies":[{"name":"wp","href":"https:\/\/api.w.org\/{rel}","templated":true}]}}