{"id":33259,"date":"2025-11-10T11:51:10","date_gmt":"2025-11-10T10:51:10","guid":{"rendered":"https:\/\/www.ernstbrunn-apotheke.at\/katalog\/produkt\/gum-paroex-chx-012-ohne-alkohol-300-ml\/"},"modified":"2025-12-08T15:24:56","modified_gmt":"2025-12-08T14:24:56","slug":"gum-paroex-chx-012-ohne-alkohol-300-ml","status":"publish","type":"product","link":"https:\/\/www.ernstbrunn-apotheke.at\/katalog\/produkt\/gum-paroex-chx-012-ohne-alkohol-300-ml\/","title":{"rendered":"Gum Paroex Chx 0,12% ohne Alkohol 300 ml"},"content":{"rendered":"<p>Gum Paroex Chx ist eine Mundsp\u00fclung, welche f\u00fcr eine professionelle Plaquekontrolle sorgt. Der bakterielle Zahnbelag wird dank der Sp\u00fclung reduziert und das empfindliche Zahnfleisch beruhigt und mit wichtigen Inhaltsstoffen gesch\u00fctzt. Bakterien, welche zur Sch\u00e4digung der Z\u00e4hne beitragen k\u00f6nnen, werden mit der Mundsp\u00fclung bek\u00e4mpft. F\u00fcr rundum saubere und gesunde Z\u00e4hne.<\/p>\n","protected":false},"excerpt":{"rendered":"<p>Gum Paroex Chx ist eine Mundsp\u00fclung, welche f\u00fcr eine professionelle Plaquekontrolle sorgt. Der bakterielle Zahnbelag wird dank der Sp\u00fclung reduziert und das empfindliche Zahnfleisch beruhigt und mit wichtigen Inhaltsstoffen gesch\u00fctzt. Bakterien, welche zur Sch\u00e4digung der Z\u00e4hne beitragen k\u00f6nnen, werden mit der Mundsp\u00fclung bek\u00e4mpft. F\u00fcr rundum saubere und gesunde Z\u00e4hne.<\/p>\n","protected":false},"featured_media":33261,"template":"","meta":{"_acf_changed":false},"product_brand":[894],"product_cat":[810],"product_tag":[],"class_list":{"0":"post-33259","1":"product","2":"type-product","3":"status-publish","4":"has-post-thumbnail","6":"product_brand-g-u-m","7":"product_cat-g","8":"pa_packungsgroesse-300ml","10":"first","11":"instock","12":"shipping-taxable","13":"purchasable","14":"product-type-simple"},"acf":[],"_links":{"self":[{"href":"https:\/\/www.ernstbrunn-apotheke.at\/katalog\/wp-json\/wp\/v2\/product\/33259","targetHints":{"allow":["GET"]}}],"collection":[{"href":"https:\/\/www.ernstbrunn-apotheke.at\/katalog\/wp-json\/wp\/v2\/product"}],"about":[{"href":"https:\/\/www.ernstbrunn-apotheke.at\/katalog\/wp-json\/wp\/v2\/types\/product"}],"wp:featuredmedia":[{"embeddable":true,"href":"https:\/\/www.ernstbrunn-apotheke.at\/katalog\/wp-json\/wp\/v2\/media\/33261"}],"wp:attachment":[{"href":"https:\/\/www.ernstbrunn-apotheke.at\/katalog\/wp-json\/wp\/v2\/media?parent=33259"}],"wp:term":[{"taxonomy":"product_brand","embeddable":true,"href":"https:\/\/www.ernstbrunn-apotheke.at\/katalog\/wp-json\/wp\/v2\/product_brand?post=33259"},{"taxonomy":"product_cat","embeddable":true,"href":"https:\/\/www.ernstbrunn-apotheke.at\/katalog\/wp-json\/wp\/v2\/product_cat?post=33259"},{"taxonomy":"product_tag","embeddable":true,"href":"https:\/\/www.ernstbrunn-apotheke.at\/katalog\/wp-json\/wp\/v2\/product_tag?post=33259"}],"curies":[{"name":"wp","href":"https:\/\/api.w.org\/{rel}","templated":true}]}}