{"id":33238,"date":"2025-11-10T11:50:45","date_gmt":"2025-11-10T10:50:45","guid":{"rendered":"https:\/\/www.ernstbrunn-apotheke.at\/katalog\/produkt\/curaprox-cps-regular-interdentalbuersten\/"},"modified":"2025-12-08T15:24:50","modified_gmt":"2025-12-08T14:24:50","slug":"curaprox-cps-regular-interdentalbuersten","status":"publish","type":"product","link":"https:\/\/www.ernstbrunn-apotheke.at\/katalog\/produkt\/curaprox-cps-regular-interdentalbuersten\/","title":{"rendered":"Curaprox CPS regular Interdentalb\u00fcrsten"},"content":{"rendered":"<p>Curaprox Cps 10 XXX-fein sind die feinsten B\u00fcrstchen auf dem Markt. Sie dienen zur besonders einfachen und wirksamen Pr\u00e4vention von Seitenzahnkaries, Gingivitis und Parodontitis. Bei der Qualit\u00e4t dieser B\u00fcrsten reicht eine einzige Putzbewegung v\u00f6llig aus  einmal rein und raus.<\/p>\n","protected":false},"excerpt":{"rendered":"<p>Curaprox Cps 10 XXX-fein sind die feinsten B\u00fcrstchen auf dem Markt. Sie dienen zur besonders einfachen und wirksamen Pr\u00e4vention von Seitenzahnkaries, Gingivitis und Parodontitis. Bei der Qualit\u00e4t dieser B\u00fcrsten reicht eine einzige Putzbewegung v\u00f6llig aus einmal rein und raus.<\/p>\n","protected":false},"featured_media":33240,"template":"","meta":{"_acf_changed":false},"product_brand":[886],"product_cat":[812],"product_tag":[],"class_list":{"0":"post-33238","1":"product","2":"type-product","3":"status-publish","4":"has-post-thumbnail","6":"product_brand-curaprox","7":"product_cat-c","8":"pa_farbe-cps-10-xxx-fein-weiss","9":"pa_farbe-cps-11-xx-fein-gruen","10":"pa_farbe-cps-12-x-fein-blau","11":"pa_farbe-cps-15-mittel-schwarz","12":"pa_farbe-cps-18-grob-violett","13":"pa_packungsgroesse-5-stueck","15":"first","16":"instock","17":"shipping-taxable","18":"purchasable","19":"product-type-simple"},"acf":[],"_links":{"self":[{"href":"https:\/\/www.ernstbrunn-apotheke.at\/katalog\/wp-json\/wp\/v2\/product\/33238","targetHints":{"allow":["GET"]}}],"collection":[{"href":"https:\/\/www.ernstbrunn-apotheke.at\/katalog\/wp-json\/wp\/v2\/product"}],"about":[{"href":"https:\/\/www.ernstbrunn-apotheke.at\/katalog\/wp-json\/wp\/v2\/types\/product"}],"wp:featuredmedia":[{"embeddable":true,"href":"https:\/\/www.ernstbrunn-apotheke.at\/katalog\/wp-json\/wp\/v2\/media\/33240"}],"wp:attachment":[{"href":"https:\/\/www.ernstbrunn-apotheke.at\/katalog\/wp-json\/wp\/v2\/media?parent=33238"}],"wp:term":[{"taxonomy":"product_brand","embeddable":true,"href":"https:\/\/www.ernstbrunn-apotheke.at\/katalog\/wp-json\/wp\/v2\/product_brand?post=33238"},{"taxonomy":"product_cat","embeddable":true,"href":"https:\/\/www.ernstbrunn-apotheke.at\/katalog\/wp-json\/wp\/v2\/product_cat?post=33238"},{"taxonomy":"product_tag","embeddable":true,"href":"https:\/\/www.ernstbrunn-apotheke.at\/katalog\/wp-json\/wp\/v2\/product_tag?post=33238"}],"curies":[{"name":"wp","href":"https:\/\/api.w.org\/{rel}","templated":true}]}}