{"id":33208,"date":"2025-11-10T11:50:15","date_gmt":"2025-11-10T10:50:15","guid":{"rendered":"https:\/\/www.ernstbrunn-apotheke.at\/katalog\/produkt\/kukident-haft-creme-mit-kruemelschutz-40-g\/"},"modified":"2025-12-08T15:24:36","modified_gmt":"2025-12-08T14:24:36","slug":"kukident-haft-creme-mit-kruemelschutz-40-g","status":"publish","type":"product","link":"https:\/\/www.ernstbrunn-apotheke.at\/katalog\/produkt\/kukident-haft-creme-mit-kruemelschutz-40-g\/","title":{"rendered":"Kukident Haft-Creme mit Kr\u00fcmelschutz 40 g"},"content":{"rendered":"<p>Mit den Produkten von Kukident k\u00f6nnen Sie sich rundum sicher und wohl f\u00fchlen. Die Kukident Reiniger wirken selbst an Stellen wo die Zahnb\u00fcrste nicht hinkommt und sorgen so f\u00fcr t\u00e4gliche Frische. Und die Kukident Haftmittel sorgen f\u00fcr sicheren Halt Ihrer Dritten, f\u00fcr ein unbeschwerteres Leben mit Ihrem Zahnersatz.<\/p>\n","protected":false},"excerpt":{"rendered":"<p>Mit den Produkten von Kukident k\u00f6nnen Sie sich rundum sicher und wohl f\u00fchlen. Die Kukident Reiniger wirken selbst an Stellen wo die Zahnb\u00fcrste nicht hinkommt und sorgen so f\u00fcr t\u00e4gliche Frische. Und die Kukident Haftmittel sorgen f\u00fcr sicheren Halt Ihrer Dritten, f\u00fcr ein unbeschwerteres Leben mit Ihrem Zahnersatz.<\/p>\n","protected":false},"featured_media":33210,"template":"","meta":{"_acf_changed":false},"product_brand":[876],"product_cat":[807],"product_tag":[],"class_list":{"0":"post-33208","1":"product","2":"type-product","3":"status-publish","4":"has-post-thumbnail","6":"product_brand-kukident","7":"product_cat-k","8":"pa_packungsgroesse-40g","10":"first","11":"instock","12":"shipping-taxable","13":"purchasable","14":"product-type-simple"},"acf":[],"_links":{"self":[{"href":"https:\/\/www.ernstbrunn-apotheke.at\/katalog\/wp-json\/wp\/v2\/product\/33208","targetHints":{"allow":["GET"]}}],"collection":[{"href":"https:\/\/www.ernstbrunn-apotheke.at\/katalog\/wp-json\/wp\/v2\/product"}],"about":[{"href":"https:\/\/www.ernstbrunn-apotheke.at\/katalog\/wp-json\/wp\/v2\/types\/product"}],"wp:featuredmedia":[{"embeddable":true,"href":"https:\/\/www.ernstbrunn-apotheke.at\/katalog\/wp-json\/wp\/v2\/media\/33210"}],"wp:attachment":[{"href":"https:\/\/www.ernstbrunn-apotheke.at\/katalog\/wp-json\/wp\/v2\/media?parent=33208"}],"wp:term":[{"taxonomy":"product_brand","embeddable":true,"href":"https:\/\/www.ernstbrunn-apotheke.at\/katalog\/wp-json\/wp\/v2\/product_brand?post=33208"},{"taxonomy":"product_cat","embeddable":true,"href":"https:\/\/www.ernstbrunn-apotheke.at\/katalog\/wp-json\/wp\/v2\/product_cat?post=33208"},{"taxonomy":"product_tag","embeddable":true,"href":"https:\/\/www.ernstbrunn-apotheke.at\/katalog\/wp-json\/wp\/v2\/product_tag?post=33208"}],"curies":[{"name":"wp","href":"https:\/\/api.w.org\/{rel}","templated":true}]}}