{"id":33177,"date":"2025-11-10T11:49:38","date_gmt":"2025-11-10T10:49:38","guid":{"rendered":"https:\/\/www.ernstbrunn-apotheke.at\/katalog\/produkt\/recessan-salbe-10-g\/"},"modified":"2025-12-08T15:24:29","modified_gmt":"2025-12-08T14:24:29","slug":"recessan-salbe-10-g","status":"publish","type":"product","link":"https:\/\/www.ernstbrunn-apotheke.at\/katalog\/produkt\/recessan-salbe-10-g\/","title":{"rendered":"Recessan Salbe 10 g"},"content":{"rendered":"<p>Recessan Salbe enth\u00e4lt Polidocanol, einen Wirkstoff zur \u00f6rtlich begrenzten Bet\u00e4ubung. Diese Salbe wird angewendet zur kurzzeitigen und schmerzstillenden Behandlung von Druckschmerzen durch Zahnprothesen im Rahmen einer zahn\u00e4rztlichen Therapie.<\/p>\n","protected":false},"excerpt":{"rendered":"<p>Recessan Salbe enth\u00e4lt Polidocanol, einen Wirkstoff zur \u00f6rtlich begrenzten Bet\u00e4ubung. Diese Salbe wird angewendet zur kurzzeitigen und schmerzstillenden Behandlung von Druckschmerzen durch Zahnprothesen im Rahmen einer zahn\u00e4rztlichen Therapie.<\/p>\n","protected":false},"featured_media":33179,"template":"","meta":{"_acf_changed":false},"product_brand":[],"product_cat":[808],"product_tag":[],"class_list":{"0":"post-33177","1":"product","2":"type-product","3":"status-publish","4":"has-post-thumbnail","6":"product_cat-r","7":"pa_packungsgroesse-10g","9":"first","10":"instock","11":"shipping-taxable","12":"purchasable","13":"product-type-simple"},"acf":[],"_links":{"self":[{"href":"https:\/\/www.ernstbrunn-apotheke.at\/katalog\/wp-json\/wp\/v2\/product\/33177","targetHints":{"allow":["GET"]}}],"collection":[{"href":"https:\/\/www.ernstbrunn-apotheke.at\/katalog\/wp-json\/wp\/v2\/product"}],"about":[{"href":"https:\/\/www.ernstbrunn-apotheke.at\/katalog\/wp-json\/wp\/v2\/types\/product"}],"wp:featuredmedia":[{"embeddable":true,"href":"https:\/\/www.ernstbrunn-apotheke.at\/katalog\/wp-json\/wp\/v2\/media\/33179"}],"wp:attachment":[{"href":"https:\/\/www.ernstbrunn-apotheke.at\/katalog\/wp-json\/wp\/v2\/media?parent=33177"}],"wp:term":[{"taxonomy":"product_brand","embeddable":true,"href":"https:\/\/www.ernstbrunn-apotheke.at\/katalog\/wp-json\/wp\/v2\/product_brand?post=33177"},{"taxonomy":"product_cat","embeddable":true,"href":"https:\/\/www.ernstbrunn-apotheke.at\/katalog\/wp-json\/wp\/v2\/product_cat?post=33177"},{"taxonomy":"product_tag","embeddable":true,"href":"https:\/\/www.ernstbrunn-apotheke.at\/katalog\/wp-json\/wp\/v2\/product_tag?post=33177"}],"curies":[{"name":"wp","href":"https:\/\/api.w.org\/{rel}","templated":true}]}}