{"id":33152,"date":"2025-11-10T11:48:59","date_gmt":"2025-11-10T10:48:59","guid":{"rendered":"https:\/\/www.ernstbrunn-apotheke.at\/katalog\/produkt\/fittydent-super-reinigungstablette\/"},"modified":"2025-12-08T15:24:23","modified_gmt":"2025-12-08T14:24:23","slug":"fittydent-super-reinigungstablette","status":"publish","type":"product","link":"https:\/\/www.ernstbrunn-apotheke.at\/katalog\/produkt\/fittydent-super-reinigungstablette\/","title":{"rendered":"Fittydent Super Reinigungstablette"},"content":{"rendered":"<p>Fittydent Super Reinigungstablette dienen zur schonenden Reinigung von Vollprothesen und Teilprothesen. Die Tabletten entfernen die wasserunl\u00f6slichen R\u00fcckst\u00e4nde von Haftcremen und Hafteinlagen und ist zur t\u00e4glichen Reinigung Ihrer Zahnprothese geeignet.<\/p>\n","protected":false},"excerpt":{"rendered":"<p>Fittydent Super Reinigungstablette dienen zur schonenden Reinigung von Vollprothesen und Teilprothesen. Die Tabletten entfernen die wasserunl\u00f6slichen R\u00fcckst\u00e4nde von Haftcremen und Hafteinlagen und ist zur t\u00e4glichen Reinigung Ihrer Zahnprothese geeignet.<\/p>\n","protected":false},"featured_media":33154,"template":"","meta":{"_acf_changed":false},"product_brand":[890],"product_cat":[809],"product_tag":[],"class_list":{"0":"post-33152","1":"product","2":"type-product","3":"status-publish","4":"has-post-thumbnail","6":"product_brand-fittydent","7":"product_cat-f","8":"pa_packungsgroesse-32-stueck","10":"first","11":"instock","12":"shipping-taxable","13":"purchasable","14":"product-type-simple"},"acf":[],"_links":{"self":[{"href":"https:\/\/www.ernstbrunn-apotheke.at\/katalog\/wp-json\/wp\/v2\/product\/33152","targetHints":{"allow":["GET"]}}],"collection":[{"href":"https:\/\/www.ernstbrunn-apotheke.at\/katalog\/wp-json\/wp\/v2\/product"}],"about":[{"href":"https:\/\/www.ernstbrunn-apotheke.at\/katalog\/wp-json\/wp\/v2\/types\/product"}],"wp:featuredmedia":[{"embeddable":true,"href":"https:\/\/www.ernstbrunn-apotheke.at\/katalog\/wp-json\/wp\/v2\/media\/33154"}],"wp:attachment":[{"href":"https:\/\/www.ernstbrunn-apotheke.at\/katalog\/wp-json\/wp\/v2\/media?parent=33152"}],"wp:term":[{"taxonomy":"product_brand","embeddable":true,"href":"https:\/\/www.ernstbrunn-apotheke.at\/katalog\/wp-json\/wp\/v2\/product_brand?post=33152"},{"taxonomy":"product_cat","embeddable":true,"href":"https:\/\/www.ernstbrunn-apotheke.at\/katalog\/wp-json\/wp\/v2\/product_cat?post=33152"},{"taxonomy":"product_tag","embeddable":true,"href":"https:\/\/www.ernstbrunn-apotheke.at\/katalog\/wp-json\/wp\/v2\/product_tag?post=33152"}],"curies":[{"name":"wp","href":"https:\/\/api.w.org\/{rel}","templated":true}]}}