{"id":33136,"date":"2025-11-10T11:48:59","date_gmt":"2025-11-10T10:48:59","guid":{"rendered":"https:\/\/www.ernstbrunn-apotheke.at\/katalog\/produkt\/elmex-sensitive-professional-zahnpasta-75-ml\/"},"modified":"2025-12-08T15:24:20","modified_gmt":"2025-12-08T14:24:20","slug":"elmex-sensitive-professional-zahnpasta-75-ml","status":"publish","type":"product","link":"https:\/\/www.ernstbrunn-apotheke.at\/katalog\/produkt\/elmex-sensitive-professional-zahnpasta-75-ml\/","title":{"rendered":"Elmex Sensitive Professional Zahnpasta 75 ml"},"content":{"rendered":"<p>Elmex Sensitive Zahnpasta wurde speziell f\u00fcr Personen mit freiliegenden, schmerzempfindlichen Zahnh\u00e4lsen entwickelt. Sie verringert die Schmerzempfindlichkeit der Z\u00e4hne, die Gefahr von Zahnhalskaries und das Abrasionsrisiko..<\/p>\n","protected":false},"excerpt":{"rendered":"<p>Elmex Sensitive Zahnpasta wurde speziell f\u00fcr Personen mit freiliegenden, schmerzempfindlichen Zahnh\u00e4lsen entwickelt. Sie verringert die Schmerzempfindlichkeit der Z\u00e4hne, die Gefahr von Zahnhalskaries und das Abrasionsrisiko..<\/p>\n","protected":false},"featured_media":33138,"template":"","meta":{"_acf_changed":false},"product_brand":[313],"product_cat":[794],"product_tag":[],"class_list":{"0":"post-33136","1":"product","2":"type-product","3":"status-publish","4":"has-post-thumbnail","6":"product_brand-elmex","7":"product_cat-e","8":"pa_packungsgroesse-75ml","10":"first","11":"instock","12":"shipping-taxable","13":"purchasable","14":"product-type-simple"},"acf":[],"_links":{"self":[{"href":"https:\/\/www.ernstbrunn-apotheke.at\/katalog\/wp-json\/wp\/v2\/product\/33136","targetHints":{"allow":["GET"]}}],"collection":[{"href":"https:\/\/www.ernstbrunn-apotheke.at\/katalog\/wp-json\/wp\/v2\/product"}],"about":[{"href":"https:\/\/www.ernstbrunn-apotheke.at\/katalog\/wp-json\/wp\/v2\/types\/product"}],"wp:featuredmedia":[{"embeddable":true,"href":"https:\/\/www.ernstbrunn-apotheke.at\/katalog\/wp-json\/wp\/v2\/media\/33138"}],"wp:attachment":[{"href":"https:\/\/www.ernstbrunn-apotheke.at\/katalog\/wp-json\/wp\/v2\/media?parent=33136"}],"wp:term":[{"taxonomy":"product_brand","embeddable":true,"href":"https:\/\/www.ernstbrunn-apotheke.at\/katalog\/wp-json\/wp\/v2\/product_brand?post=33136"},{"taxonomy":"product_cat","embeddable":true,"href":"https:\/\/www.ernstbrunn-apotheke.at\/katalog\/wp-json\/wp\/v2\/product_cat?post=33136"},{"taxonomy":"product_tag","embeddable":true,"href":"https:\/\/www.ernstbrunn-apotheke.at\/katalog\/wp-json\/wp\/v2\/product_tag?post=33136"}],"curies":[{"name":"wp","href":"https:\/\/api.w.org\/{rel}","templated":true}]}}