{"id":33132,"date":"2025-11-10T11:48:48","date_gmt":"2025-11-10T10:48:48","guid":{"rendered":"https:\/\/www.ernstbrunn-apotheke.at\/katalog\/produkt\/sensodyne-zahnpasta-rapid-75-ml\/"},"modified":"2025-12-08T15:24:19","modified_gmt":"2025-12-08T14:24:19","slug":"sensodyne-zahnpasta-rapid-75-ml","status":"publish","type":"product","link":"https:\/\/www.ernstbrunn-apotheke.at\/katalog\/produkt\/sensodyne-zahnpasta-rapid-75-ml\/","title":{"rendered":"Sensodyne Zahnpasta Rapid 75 ml"},"content":{"rendered":"<p>Sensodyne Zahnpasta Rapid wird bei schmerzempfindlichen Z\u00e4hnen empfohlen. Zahnschmerzen aufgrund von Schmerzempfindlichkeit k\u00f6nnen ein gro\u00dfes \u00c4rgernis sein, da sie uns in der Wahl unserer Lebensmittel einschr\u00e4nken. Dagegen k\u00f6nnen Sie jedoch etwas tun! Egal ob Kaltes, Hei\u00dfes, S\u00fc\u00dfes oder Saures: Sensodyne sorgt daf\u00fcr, dass Sie bei der Wahl Ihrer Lebensmittel auf nichts verzichten m\u00fcssen. Sensodyne bewirkt einen klinisch erwiesenen Schutz vor Schmerzempfindlichkeit und dadurch letztendlich mehr Lebensqualit\u00e4t f\u00fcr Sie.  .<\/p>\n","protected":false},"excerpt":{"rendered":"<p>Sensodyne Zahnpasta Rapid wird bei schmerzempfindlichen Z\u00e4hnen empfohlen. Zahnschmerzen aufgrund von Schmerzempfindlichkeit k\u00f6nnen ein gro\u00dfes \u00c4rgernis sein, da sie uns in der Wahl unserer Lebensmittel einschr\u00e4nken. Dagegen k\u00f6nnen Sie jedoch etwas tun! Egal ob Kaltes, Hei\u00dfes, S\u00fc\u00dfes oder Saures: Sensodyne sorgt daf\u00fcr, dass Sie bei der Wahl Ihrer Lebensmittel auf nichts verzichten m\u00fcssen. Sensodyne bewirkt [&hellip;]<\/p>\n","protected":false},"featured_media":33134,"template":"","meta":{"_acf_changed":false},"product_brand":[],"product_cat":[791],"product_tag":[],"class_list":{"0":"post-33132","1":"product","2":"type-product","3":"status-publish","4":"has-post-thumbnail","6":"product_cat-s","7":"pa_packungsgroesse-75ml","9":"first","10":"instock","11":"shipping-taxable","12":"purchasable","13":"product-type-simple"},"acf":[],"_links":{"self":[{"href":"https:\/\/www.ernstbrunn-apotheke.at\/katalog\/wp-json\/wp\/v2\/product\/33132","targetHints":{"allow":["GET"]}}],"collection":[{"href":"https:\/\/www.ernstbrunn-apotheke.at\/katalog\/wp-json\/wp\/v2\/product"}],"about":[{"href":"https:\/\/www.ernstbrunn-apotheke.at\/katalog\/wp-json\/wp\/v2\/types\/product"}],"wp:featuredmedia":[{"embeddable":true,"href":"https:\/\/www.ernstbrunn-apotheke.at\/katalog\/wp-json\/wp\/v2\/media\/33134"}],"wp:attachment":[{"href":"https:\/\/www.ernstbrunn-apotheke.at\/katalog\/wp-json\/wp\/v2\/media?parent=33132"}],"wp:term":[{"taxonomy":"product_brand","embeddable":true,"href":"https:\/\/www.ernstbrunn-apotheke.at\/katalog\/wp-json\/wp\/v2\/product_brand?post=33132"},{"taxonomy":"product_cat","embeddable":true,"href":"https:\/\/www.ernstbrunn-apotheke.at\/katalog\/wp-json\/wp\/v2\/product_cat?post=33132"},{"taxonomy":"product_tag","embeddable":true,"href":"https:\/\/www.ernstbrunn-apotheke.at\/katalog\/wp-json\/wp\/v2\/product_tag?post=33132"}],"curies":[{"name":"wp","href":"https:\/\/api.w.org\/{rel}","templated":true}]}}