{"id":33105,"date":"2025-11-10T11:48:25","date_gmt":"2025-11-10T10:48:25","guid":{"rendered":"https:\/\/www.ernstbrunn-apotheke.at\/katalog\/produkt\/tepe-interdentalbuerste-groesse-1-6-stk\/"},"modified":"2025-12-08T15:24:05","modified_gmt":"2025-12-08T14:24:05","slug":"tepe-interdentalbuerste-groesse-1-6-stk","status":"publish","type":"product","link":"https:\/\/www.ernstbrunn-apotheke.at\/katalog\/produkt\/tepe-interdentalbuerste-groesse-1-6-stk\/","title":{"rendered":"TePe Interdentalb\u00fcrste Gr\u00f6\u00dfe 1 6 Stk."},"content":{"rendered":"<p>Eine kleine B\u00fcrste, welche speziell f\u00fcr die Reinigung zwischen den Z\u00e4hnen entwickelt wurde. Also dort, wo eine normale Zahnb\u00fcrste nicht hinkommt. Die TePe Interdentalb\u00fcrsten sind in neun verschiedenen farbcodierten Gr\u00f6\u00dfen erh\u00e4ltlich, um sowohl schmale als auch weite Zahnzwischenr\u00e4ume vollst\u00e4ndig reinigen zu k\u00f6nnen &#8211; dieses und viele weitere Produkte erhalten Sie dauerhaft preisreduziert!<\/p>\n","protected":false},"excerpt":{"rendered":"<p>Eine kleine B\u00fcrste, welche speziell f\u00fcr die Reinigung zwischen den Z\u00e4hnen entwickelt wurde. Also dort, wo eine normale Zahnb\u00fcrste nicht hinkommt. Die TePe Interdentalb\u00fcrsten sind in neun verschiedenen farbcodierten Gr\u00f6\u00dfen erh\u00e4ltlich, um sowohl schmale als auch weite Zahnzwischenr\u00e4ume vollst\u00e4ndig reinigen zu k\u00f6nnen &#8211; dieses und viele weitere Produkte erhalten Sie dauerhaft preisreduziert!<\/p>\n","protected":false},"featured_media":33107,"template":"","meta":{"_acf_changed":false},"product_brand":[881],"product_cat":[798],"product_tag":[],"class_list":{"0":"post-33105","1":"product","2":"type-product","3":"status-publish","4":"has-post-thumbnail","6":"product_brand-tepe","7":"product_cat-t","8":"pa_packungsgroesse-6-stueck","10":"first","11":"instock","12":"shipping-taxable","13":"purchasable","14":"product-type-simple"},"acf":[],"_links":{"self":[{"href":"https:\/\/www.ernstbrunn-apotheke.at\/katalog\/wp-json\/wp\/v2\/product\/33105","targetHints":{"allow":["GET"]}}],"collection":[{"href":"https:\/\/www.ernstbrunn-apotheke.at\/katalog\/wp-json\/wp\/v2\/product"}],"about":[{"href":"https:\/\/www.ernstbrunn-apotheke.at\/katalog\/wp-json\/wp\/v2\/types\/product"}],"wp:featuredmedia":[{"embeddable":true,"href":"https:\/\/www.ernstbrunn-apotheke.at\/katalog\/wp-json\/wp\/v2\/media\/33107"}],"wp:attachment":[{"href":"https:\/\/www.ernstbrunn-apotheke.at\/katalog\/wp-json\/wp\/v2\/media?parent=33105"}],"wp:term":[{"taxonomy":"product_brand","embeddable":true,"href":"https:\/\/www.ernstbrunn-apotheke.at\/katalog\/wp-json\/wp\/v2\/product_brand?post=33105"},{"taxonomy":"product_cat","embeddable":true,"href":"https:\/\/www.ernstbrunn-apotheke.at\/katalog\/wp-json\/wp\/v2\/product_cat?post=33105"},{"taxonomy":"product_tag","embeddable":true,"href":"https:\/\/www.ernstbrunn-apotheke.at\/katalog\/wp-json\/wp\/v2\/product_tag?post=33105"}],"curies":[{"name":"wp","href":"https:\/\/api.w.org\/{rel}","templated":true}]}}