{"id":33101,"date":"2025-11-10T11:48:25","date_gmt":"2025-11-10T10:48:25","guid":{"rendered":"https:\/\/www.ernstbrunn-apotheke.at\/katalog\/produkt\/oral-b-zahnseide-gewachst-mint-50-m\/"},"modified":"2025-12-08T15:24:03","modified_gmt":"2025-12-08T14:24:03","slug":"oral-b-zahnseide-gewachst-mint-50-m","status":"publish","type":"product","link":"https:\/\/www.ernstbrunn-apotheke.at\/katalog\/produkt\/oral-b-zahnseide-gewachst-mint-50-m\/","title":{"rendered":"Oral B Zahnseide Gewachst Mint 50 m"},"content":{"rendered":"<p>Ganz gleich, was Ihre pers\u00f6nlichen Zahnpflegebed\u00fcrfnisse sind  es gibt die passende Oral-B f\u00fcr Sie.<\/p>\n","protected":false},"excerpt":{"rendered":"<p>Ganz gleich, was Ihre pers\u00f6nlichen Zahnpflegebed\u00fcrfnisse sind es gibt die passende Oral-B f\u00fcr Sie.<\/p>\n","protected":false},"featured_media":33103,"template":"","meta":{"_acf_changed":false},"product_brand":[879],"product_cat":[819],"product_tag":[],"class_list":{"0":"post-33101","1":"product","2":"type-product","3":"status-publish","4":"has-post-thumbnail","6":"product_brand-oral-b","7":"product_cat-o","8":"pa_geschmack-mint","9":"pa_geschmack-ohne-geschmack","10":"pa_packungsgroesse-887","12":"first","13":"instock","14":"shipping-taxable","15":"purchasable","16":"product-type-simple"},"acf":[],"_links":{"self":[{"href":"https:\/\/www.ernstbrunn-apotheke.at\/katalog\/wp-json\/wp\/v2\/product\/33101","targetHints":{"allow":["GET"]}}],"collection":[{"href":"https:\/\/www.ernstbrunn-apotheke.at\/katalog\/wp-json\/wp\/v2\/product"}],"about":[{"href":"https:\/\/www.ernstbrunn-apotheke.at\/katalog\/wp-json\/wp\/v2\/types\/product"}],"wp:featuredmedia":[{"embeddable":true,"href":"https:\/\/www.ernstbrunn-apotheke.at\/katalog\/wp-json\/wp\/v2\/media\/33103"}],"wp:attachment":[{"href":"https:\/\/www.ernstbrunn-apotheke.at\/katalog\/wp-json\/wp\/v2\/media?parent=33101"}],"wp:term":[{"taxonomy":"product_brand","embeddable":true,"href":"https:\/\/www.ernstbrunn-apotheke.at\/katalog\/wp-json\/wp\/v2\/product_brand?post=33101"},{"taxonomy":"product_cat","embeddable":true,"href":"https:\/\/www.ernstbrunn-apotheke.at\/katalog\/wp-json\/wp\/v2\/product_cat?post=33101"},{"taxonomy":"product_tag","embeddable":true,"href":"https:\/\/www.ernstbrunn-apotheke.at\/katalog\/wp-json\/wp\/v2\/product_tag?post=33101"}],"curies":[{"name":"wp","href":"https:\/\/api.w.org\/{rel}","templated":true}]}}