{"id":33043,"date":"2025-11-10T11:47:21","date_gmt":"2025-11-10T10:47:21","guid":{"rendered":"https:\/\/www.ernstbrunn-apotheke.at\/katalog\/produkt\/gengigel-hydrogel-mundspuelloesung-150-ml\/"},"modified":"2025-12-08T15:23:44","modified_gmt":"2025-12-08T14:23:44","slug":"gengigel-hydrogel-mundspuelloesung-150-ml","status":"publish","type":"product","link":"https:\/\/www.ernstbrunn-apotheke.at\/katalog\/produkt\/gengigel-hydrogel-mundspuelloesung-150-ml\/","title":{"rendered":"Gengigel Hydrogel Mundsp\u00fcll\u00f6sung 150 ml"},"content":{"rendered":"<p>Gengigel in Form einer Mundsp\u00fcll\u00f6sung eignet sich hervorragend f\u00fcr dieErhaltung der Gesundheit in der Mundh\u00f6hle. Deshalb ist es empfehlenswert, die Mundsp\u00fcll\u00f6sung als Teil der t\u00e4glichen Mundhygiene zu verwenden. Die effektive, praktische und in der Anwendung sichere Mundsp\u00fcll\u00f6sung wirkt gleichm\u00e4\u00dfig auf der gesamten Mundschleimhaut.<\/p>\n","protected":false},"excerpt":{"rendered":"<p>Gengigel in Form einer Mundsp\u00fcll\u00f6sung eignet sich hervorragend f\u00fcr dieErhaltung der Gesundheit in der Mundh\u00f6hle. Deshalb ist es empfehlenswert, die Mundsp\u00fcll\u00f6sung als Teil der t\u00e4glichen Mundhygiene zu verwenden. Die effektive, praktische und in der Anwendung sichere Mundsp\u00fcll\u00f6sung wirkt gleichm\u00e4\u00dfig auf der gesamten Mundschleimhaut.<\/p>\n","protected":false},"featured_media":33045,"template":"","meta":{"_acf_changed":false},"product_brand":[874],"product_cat":[810],"product_tag":[],"class_list":{"0":"post-33043","1":"product","2":"type-product","3":"status-publish","4":"has-post-thumbnail","6":"product_brand-gengigel","7":"product_cat-g","8":"pa_packungsgroesse-150ml","10":"first","11":"instock","12":"shipping-taxable","13":"purchasable","14":"product-type-simple"},"acf":[],"_links":{"self":[{"href":"https:\/\/www.ernstbrunn-apotheke.at\/katalog\/wp-json\/wp\/v2\/product\/33043","targetHints":{"allow":["GET"]}}],"collection":[{"href":"https:\/\/www.ernstbrunn-apotheke.at\/katalog\/wp-json\/wp\/v2\/product"}],"about":[{"href":"https:\/\/www.ernstbrunn-apotheke.at\/katalog\/wp-json\/wp\/v2\/types\/product"}],"wp:featuredmedia":[{"embeddable":true,"href":"https:\/\/www.ernstbrunn-apotheke.at\/katalog\/wp-json\/wp\/v2\/media\/33045"}],"wp:attachment":[{"href":"https:\/\/www.ernstbrunn-apotheke.at\/katalog\/wp-json\/wp\/v2\/media?parent=33043"}],"wp:term":[{"taxonomy":"product_brand","embeddable":true,"href":"https:\/\/www.ernstbrunn-apotheke.at\/katalog\/wp-json\/wp\/v2\/product_brand?post=33043"},{"taxonomy":"product_cat","embeddable":true,"href":"https:\/\/www.ernstbrunn-apotheke.at\/katalog\/wp-json\/wp\/v2\/product_cat?post=33043"},{"taxonomy":"product_tag","embeddable":true,"href":"https:\/\/www.ernstbrunn-apotheke.at\/katalog\/wp-json\/wp\/v2\/product_tag?post=33043"}],"curies":[{"name":"wp","href":"https:\/\/api.w.org\/{rel}","templated":true}]}}