{"id":33039,"date":"2025-11-10T11:47:21","date_gmt":"2025-11-10T10:47:21","guid":{"rendered":"https:\/\/www.ernstbrunn-apotheke.at\/katalog\/produkt\/cb12-mundspuelung-500-ml\/"},"modified":"2025-12-08T15:23:43","modified_gmt":"2025-12-08T14:23:43","slug":"cb12-mundspuelung-500-ml","status":"publish","type":"product","link":"https:\/\/www.ernstbrunn-apotheke.at\/katalog\/produkt\/cb12-mundspuelung-500-ml\/","title":{"rendered":"CB12 Mundsp\u00fclung 500 ml"},"content":{"rendered":"<p>CB12 Mundsp\u00fclung enth\u00e4lt eine patentierte Formel mit klinisch belegter, aktiver Wirkung gegen schlechten Atem f\u00fcr bis zu 12 Stunden. Mit Mint Menthol-Geschmack f\u00fcr intensive Frische.<\/p>\n","protected":false},"excerpt":{"rendered":"<p>CB12 Mundsp\u00fclung enth\u00e4lt eine patentierte Formel mit klinisch belegter, aktiver Wirkung gegen schlechten Atem f\u00fcr bis zu 12 Stunden. Mit Mint Menthol-Geschmack f\u00fcr intensive Frische.<\/p>\n","protected":false},"featured_media":33041,"template":"","meta":{"_acf_changed":false},"product_brand":[883],"product_cat":[812],"product_tag":[],"class_list":{"0":"post-33039","1":"product","2":"type-product","3":"status-publish","4":"has-post-thumbnail","6":"product_brand-cb12","7":"product_cat-c","8":"pa_packungsgroesse-250ml","9":"pa_packungsgroesse-500ml","10":"pa_packungsgroesse-50ml","12":"first","13":"instock","14":"shipping-taxable","15":"purchasable","16":"product-type-simple"},"acf":[],"_links":{"self":[{"href":"https:\/\/www.ernstbrunn-apotheke.at\/katalog\/wp-json\/wp\/v2\/product\/33039","targetHints":{"allow":["GET"]}}],"collection":[{"href":"https:\/\/www.ernstbrunn-apotheke.at\/katalog\/wp-json\/wp\/v2\/product"}],"about":[{"href":"https:\/\/www.ernstbrunn-apotheke.at\/katalog\/wp-json\/wp\/v2\/types\/product"}],"wp:featuredmedia":[{"embeddable":true,"href":"https:\/\/www.ernstbrunn-apotheke.at\/katalog\/wp-json\/wp\/v2\/media\/33041"}],"wp:attachment":[{"href":"https:\/\/www.ernstbrunn-apotheke.at\/katalog\/wp-json\/wp\/v2\/media?parent=33039"}],"wp:term":[{"taxonomy":"product_brand","embeddable":true,"href":"https:\/\/www.ernstbrunn-apotheke.at\/katalog\/wp-json\/wp\/v2\/product_brand?post=33039"},{"taxonomy":"product_cat","embeddable":true,"href":"https:\/\/www.ernstbrunn-apotheke.at\/katalog\/wp-json\/wp\/v2\/product_cat?post=33039"},{"taxonomy":"product_tag","embeddable":true,"href":"https:\/\/www.ernstbrunn-apotheke.at\/katalog\/wp-json\/wp\/v2\/product_tag?post=33039"}],"curies":[{"name":"wp","href":"https:\/\/api.w.org\/{rel}","templated":true}]}}