{"id":33034,"date":"2025-11-10T11:47:08","date_gmt":"2025-11-10T10:47:08","guid":{"rendered":"https:\/\/www.ernstbrunn-apotheke.at\/katalog\/produkt\/tepe-interdentalbuerste-groesse-3-6-stk\/"},"modified":"2025-12-08T15:23:42","modified_gmt":"2025-12-08T14:23:42","slug":"tepe-interdentalbuerste-groesse-3-6-stk","status":"publish","type":"product","link":"https:\/\/www.ernstbrunn-apotheke.at\/katalog\/produkt\/tepe-interdentalbuerste-groesse-3-6-stk\/","title":{"rendered":"TePe Interdentalb\u00fcrste Gr\u00f6\u00dfe 3 6 Stk."},"content":{"rendered":"<p>TePe Interdentalb\u00fcrste: Die Vielfalt der TePe Interdentalb\u00fcrsten bietet eine Auswahl f\u00fcr alle Bed\u00fcrfnisse \u2013 w\u00e4hlen Sie aus einem Sortiment unterschiedlicher Gr\u00f6\u00dfen und Modelle. Die Interdentalb\u00fcrsten wurden in Zusammenarbeit mit zahnmedizinischem Fachpersonal entwickelt, um den h\u00f6chsten Nutzen und die beste Qualit\u00e4t sicherzustellen.<\/p>\n","protected":false},"excerpt":{"rendered":"<p>TePe Interdentalb\u00fcrste: Die Vielfalt der TePe Interdentalb\u00fcrsten bietet eine Auswahl f\u00fcr alle Bed\u00fcrfnisse \u2013 w\u00e4hlen Sie aus einem Sortiment unterschiedlicher Gr\u00f6\u00dfen und Modelle. Die Interdentalb\u00fcrsten wurden in Zusammenarbeit mit zahnmedizinischem Fachpersonal entwickelt, um den h\u00f6chsten Nutzen und die beste Qualit\u00e4t sicherzustellen.<\/p>\n","protected":false},"featured_media":33036,"template":"","meta":{"_acf_changed":false},"product_brand":[881],"product_cat":[798],"product_tag":[],"class_list":{"0":"post-33034","1":"product","2":"type-product","3":"status-publish","4":"has-post-thumbnail","6":"product_brand-tepe","7":"product_cat-t","8":"pa_packungsgroesse-6-stueck","10":"first","11":"instock","12":"shipping-taxable","13":"purchasable","14":"product-type-simple"},"acf":[],"_links":{"self":[{"href":"https:\/\/www.ernstbrunn-apotheke.at\/katalog\/wp-json\/wp\/v2\/product\/33034","targetHints":{"allow":["GET"]}}],"collection":[{"href":"https:\/\/www.ernstbrunn-apotheke.at\/katalog\/wp-json\/wp\/v2\/product"}],"about":[{"href":"https:\/\/www.ernstbrunn-apotheke.at\/katalog\/wp-json\/wp\/v2\/types\/product"}],"wp:featuredmedia":[{"embeddable":true,"href":"https:\/\/www.ernstbrunn-apotheke.at\/katalog\/wp-json\/wp\/v2\/media\/33036"}],"wp:attachment":[{"href":"https:\/\/www.ernstbrunn-apotheke.at\/katalog\/wp-json\/wp\/v2\/media?parent=33034"}],"wp:term":[{"taxonomy":"product_brand","embeddable":true,"href":"https:\/\/www.ernstbrunn-apotheke.at\/katalog\/wp-json\/wp\/v2\/product_brand?post=33034"},{"taxonomy":"product_cat","embeddable":true,"href":"https:\/\/www.ernstbrunn-apotheke.at\/katalog\/wp-json\/wp\/v2\/product_cat?post=33034"},{"taxonomy":"product_tag","embeddable":true,"href":"https:\/\/www.ernstbrunn-apotheke.at\/katalog\/wp-json\/wp\/v2\/product_tag?post=33034"}],"curies":[{"name":"wp","href":"https:\/\/api.w.org\/{rel}","templated":true}]}}