{"id":33030,"date":"2025-11-10T11:47:08","date_gmt":"2025-11-10T10:47:08","guid":{"rendered":"https:\/\/www.ernstbrunn-apotheke.at\/katalog\/produkt\/cb12-boost-kaugummi-strong-mint-10-stk\/"},"modified":"2025-12-08T15:23:40","modified_gmt":"2025-12-08T14:23:40","slug":"cb12-boost-kaugummi-strong-mint-10-stk","status":"publish","type":"product","link":"https:\/\/www.ernstbrunn-apotheke.at\/katalog\/produkt\/cb12-boost-kaugummi-strong-mint-10-stk\/","title":{"rendered":"CB12 Boost Kaugummi Strong Mint 10 Stk."},"content":{"rendered":"<p>CB12 Boost Strong Mint enth\u00e4lt Zink zur Reduktion der fl\u00fcchtigen Schwefelverbindungen (VSCs), die schlechten Atem verursachen, Fluorid, welches die Zahnremineralisierung unterst\u00fctzt sowie Xylit zur Reduktion der Plaque-Bildung. Zuckerfrei. Mit intensivem Minzgeschmack<\/p>\n","protected":false},"excerpt":{"rendered":"<p>CB12 Boost Strong Mint enth\u00e4lt Zink zur Reduktion der fl\u00fcchtigen Schwefelverbindungen (VSCs), die schlechten Atem verursachen, Fluorid, welches die Zahnremineralisierung unterst\u00fctzt sowie Xylit zur Reduktion der Plaque-Bildung. Zuckerfrei. Mit intensivem Minzgeschmack<\/p>\n","protected":false},"featured_media":33032,"template":"","meta":{"_acf_changed":false},"product_brand":[883],"product_cat":[812],"product_tag":[],"class_list":{"0":"post-33030","1":"product","2":"type-product","3":"status-publish","4":"has-post-thumbnail","6":"product_brand-cb12","7":"product_cat-c","8":"pa_geschmack-strong-mint","9":"pa_packungsgroesse-10-stueck","11":"first","12":"instock","13":"shipping-taxable","14":"purchasable","15":"product-type-simple"},"acf":[],"_links":{"self":[{"href":"https:\/\/www.ernstbrunn-apotheke.at\/katalog\/wp-json\/wp\/v2\/product\/33030","targetHints":{"allow":["GET"]}}],"collection":[{"href":"https:\/\/www.ernstbrunn-apotheke.at\/katalog\/wp-json\/wp\/v2\/product"}],"about":[{"href":"https:\/\/www.ernstbrunn-apotheke.at\/katalog\/wp-json\/wp\/v2\/types\/product"}],"wp:featuredmedia":[{"embeddable":true,"href":"https:\/\/www.ernstbrunn-apotheke.at\/katalog\/wp-json\/wp\/v2\/media\/33032"}],"wp:attachment":[{"href":"https:\/\/www.ernstbrunn-apotheke.at\/katalog\/wp-json\/wp\/v2\/media?parent=33030"}],"wp:term":[{"taxonomy":"product_brand","embeddable":true,"href":"https:\/\/www.ernstbrunn-apotheke.at\/katalog\/wp-json\/wp\/v2\/product_brand?post=33030"},{"taxonomy":"product_cat","embeddable":true,"href":"https:\/\/www.ernstbrunn-apotheke.at\/katalog\/wp-json\/wp\/v2\/product_cat?post=33030"},{"taxonomy":"product_tag","embeddable":true,"href":"https:\/\/www.ernstbrunn-apotheke.at\/katalog\/wp-json\/wp\/v2\/product_tag?post=33030"}],"curies":[{"name":"wp","href":"https:\/\/api.w.org\/{rel}","templated":true}]}}