{"id":33006,"date":"2025-11-10T11:46:49","date_gmt":"2025-11-10T10:46:49","guid":{"rendered":"https:\/\/www.ernstbrunn-apotheke.at\/katalog\/produkt\/meridol-mundspuelloesung-400-ml\/"},"modified":"2025-12-08T15:23:33","modified_gmt":"2025-12-08T14:23:33","slug":"meridol-mundspuelloesung-400-ml","status":"publish","type":"product","link":"https:\/\/www.ernstbrunn-apotheke.at\/katalog\/produkt\/meridol-mundspuelloesung-400-ml\/","title":{"rendered":"Meridol Mundsp\u00fcll\u00f6sung 400 ml"},"content":{"rendered":"<p>Meridol Mundsp\u00fclung dient der Anwendung bei Zahnfleischproblemen.  Erg\u00e4nzend zum t\u00e4glichen Z\u00e4hneputzen bek\u00e4mpft sie sowohl Plaque-Bakterien, als auch deren Aktivit\u00e4t in den Restbel\u00e4gen<\/p>\n","protected":false},"excerpt":{"rendered":"<p>Meridol Mundsp\u00fclung dient der Anwendung bei Zahnfleischproblemen. Erg\u00e4nzend zum t\u00e4glichen Z\u00e4hneputzen bek\u00e4mpft sie sowohl Plaque-Bakterien, als auch deren Aktivit\u00e4t in den Restbel\u00e4gen<\/p>\n","protected":false},"featured_media":33008,"template":"","meta":{"_acf_changed":false},"product_brand":[880],"product_cat":[800],"product_tag":[],"class_list":{"0":"post-33006","1":"product","2":"type-product","3":"status-publish","4":"has-post-thumbnail","6":"product_brand-meridol","7":"product_cat-m","8":"pa_packungsgroesse-400ml","10":"first","11":"instock","12":"shipping-taxable","13":"purchasable","14":"product-type-simple"},"acf":[],"_links":{"self":[{"href":"https:\/\/www.ernstbrunn-apotheke.at\/katalog\/wp-json\/wp\/v2\/product\/33006","targetHints":{"allow":["GET"]}}],"collection":[{"href":"https:\/\/www.ernstbrunn-apotheke.at\/katalog\/wp-json\/wp\/v2\/product"}],"about":[{"href":"https:\/\/www.ernstbrunn-apotheke.at\/katalog\/wp-json\/wp\/v2\/types\/product"}],"wp:featuredmedia":[{"embeddable":true,"href":"https:\/\/www.ernstbrunn-apotheke.at\/katalog\/wp-json\/wp\/v2\/media\/33008"}],"wp:attachment":[{"href":"https:\/\/www.ernstbrunn-apotheke.at\/katalog\/wp-json\/wp\/v2\/media?parent=33006"}],"wp:term":[{"taxonomy":"product_brand","embeddable":true,"href":"https:\/\/www.ernstbrunn-apotheke.at\/katalog\/wp-json\/wp\/v2\/product_brand?post=33006"},{"taxonomy":"product_cat","embeddable":true,"href":"https:\/\/www.ernstbrunn-apotheke.at\/katalog\/wp-json\/wp\/v2\/product_cat?post=33006"},{"taxonomy":"product_tag","embeddable":true,"href":"https:\/\/www.ernstbrunn-apotheke.at\/katalog\/wp-json\/wp\/v2\/product_tag?post=33006"}],"curies":[{"name":"wp","href":"https:\/\/api.w.org\/{rel}","templated":true}]}}