{"id":32993,"date":"2025-11-10T11:46:32","date_gmt":"2025-11-10T10:46:32","guid":{"rendered":"https:\/\/www.ernstbrunn-apotheke.at\/katalog\/produkt\/glandomed-mundspuelung-500-ml\/"},"modified":"2025-12-08T15:23:31","modified_gmt":"2025-12-08T14:23:31","slug":"glandomed-mundspuelung-500-ml","status":"publish","type":"product","link":"https:\/\/www.ernstbrunn-apotheke.at\/katalog\/produkt\/glandomed-mundspuelung-500-ml\/","title":{"rendered":"Glandomed Mundsp\u00fclung 500 ml"},"content":{"rendered":"<p>Glandomed\u00ae ist eine Mundsp\u00fcll\u00f6sung, die durch Macrogole die Mundschleimhaut, das Zahnfleisch und die Z\u00e4hne medizinisch gr\u00fcndlich reinigt.Macrogole sind sehr gut vertr\u00e4gliche Polymere, welche durch Herabsetzen der Oberfl\u00e4chenspannung eine bessere Benetzung der Mundschleimhaut bewirken und Fette und Gerbstoffe l\u00f6sen.Regelm\u00e4\u00dfiges und intensives Sp\u00fclen mit Glandomed\u00ae verringert die Plaquebildung und beugt Infektionen im Mund vor.Es enth\u00e4lt kein Alkohol, ist daher besonders mild und auch bei Entz\u00fcndungen des Mundes gut vertr\u00e4glich..<\/p>\n","protected":false},"excerpt":{"rendered":"<p>Glandomed\u00ae ist eine Mundsp\u00fcll\u00f6sung, die durch Macrogole die Mundschleimhaut, das Zahnfleisch und die Z\u00e4hne medizinisch gr\u00fcndlich reinigt.Macrogole sind sehr gut vertr\u00e4gliche Polymere, welche durch Herabsetzen der Oberfl\u00e4chenspannung eine bessere Benetzung der Mundschleimhaut bewirken und Fette und Gerbstoffe l\u00f6sen.Regelm\u00e4\u00dfiges und intensives Sp\u00fclen mit Glandomed\u00ae verringert die Plaquebildung und beugt Infektionen im Mund vor.Es enth\u00e4lt kein Alkohol, [&hellip;]<\/p>\n","protected":false},"featured_media":32995,"template":"","meta":{"_acf_changed":false},"product_brand":[],"product_cat":[810],"product_tag":[],"class_list":{"0":"post-32993","1":"product","2":"type-product","3":"status-publish","4":"has-post-thumbnail","6":"product_cat-g","7":"pa_packungsgroesse-500ml","9":"first","10":"instock","11":"shipping-taxable","12":"purchasable","13":"product-type-simple"},"acf":[],"_links":{"self":[{"href":"https:\/\/www.ernstbrunn-apotheke.at\/katalog\/wp-json\/wp\/v2\/product\/32993","targetHints":{"allow":["GET"]}}],"collection":[{"href":"https:\/\/www.ernstbrunn-apotheke.at\/katalog\/wp-json\/wp\/v2\/product"}],"about":[{"href":"https:\/\/www.ernstbrunn-apotheke.at\/katalog\/wp-json\/wp\/v2\/types\/product"}],"wp:featuredmedia":[{"embeddable":true,"href":"https:\/\/www.ernstbrunn-apotheke.at\/katalog\/wp-json\/wp\/v2\/media\/32995"}],"wp:attachment":[{"href":"https:\/\/www.ernstbrunn-apotheke.at\/katalog\/wp-json\/wp\/v2\/media?parent=32993"}],"wp:term":[{"taxonomy":"product_brand","embeddable":true,"href":"https:\/\/www.ernstbrunn-apotheke.at\/katalog\/wp-json\/wp\/v2\/product_brand?post=32993"},{"taxonomy":"product_cat","embeddable":true,"href":"https:\/\/www.ernstbrunn-apotheke.at\/katalog\/wp-json\/wp\/v2\/product_cat?post=32993"},{"taxonomy":"product_tag","embeddable":true,"href":"https:\/\/www.ernstbrunn-apotheke.at\/katalog\/wp-json\/wp\/v2\/product_tag?post=32993"}],"curies":[{"name":"wp","href":"https:\/\/api.w.org\/{rel}","templated":true}]}}