{"id":32959,"date":"2025-11-10T11:45:59","date_gmt":"2025-11-10T10:45:59","guid":{"rendered":"https:\/\/www.ernstbrunn-apotheke.at\/katalog\/produkt\/gengigel-mund-und-zahnfleischpflege-gel\/"},"modified":"2025-12-08T15:23:15","modified_gmt":"2025-12-08T14:23:15","slug":"gengigel-mund-und-zahnfleischpflege-gel","status":"publish","type":"product","link":"https:\/\/www.ernstbrunn-apotheke.at\/katalog\/produkt\/gengigel-mund-und-zahnfleischpflege-gel\/","title":{"rendered":"Gengigel Mund- und Zahnfleischpflege Gel"},"content":{"rendered":"<p>Gengigel &#8211; Gel bietet schnelle und effektive Hilfe bei: blutendem, entz\u00fcndetem und geschwollenem Zahnfleisch.Es wird eingesetzt bei Zahnfleischverletzungen in Folge von gereiztem Mundgewebe durch festsitzenden oderabnehmbaren Zahnersatz oder Zahnspangen.Die in Gengigel enthaltene Hyalurons\u00e4ure gleicht der nat\u00fcrlichen Hyalurons\u00e4ure im gesunden Zahnfleisch.<\/p>\n","protected":false},"excerpt":{"rendered":"<p>Gengigel &#8211; Gel bietet schnelle und effektive Hilfe bei: blutendem, entz\u00fcndetem und geschwollenem Zahnfleisch.Es wird eingesetzt bei Zahnfleischverletzungen in Folge von gereiztem Mundgewebe durch festsitzenden oderabnehmbaren Zahnersatz oder Zahnspangen.Die in Gengigel enthaltene Hyalurons\u00e4ure gleicht der nat\u00fcrlichen Hyalurons\u00e4ure im gesunden Zahnfleisch.<\/p>\n","protected":false},"featured_media":32961,"template":"","meta":{"_acf_changed":false},"product_brand":[874],"product_cat":[810],"product_tag":[],"class_list":{"0":"post-32959","1":"product","2":"type-product","3":"status-publish","4":"has-post-thumbnail","6":"product_brand-gengigel","7":"product_cat-g","8":"pa_packungsgroesse-20ml","10":"first","11":"instock","12":"shipping-taxable","13":"purchasable","14":"product-type-simple"},"acf":[],"_links":{"self":[{"href":"https:\/\/www.ernstbrunn-apotheke.at\/katalog\/wp-json\/wp\/v2\/product\/32959","targetHints":{"allow":["GET"]}}],"collection":[{"href":"https:\/\/www.ernstbrunn-apotheke.at\/katalog\/wp-json\/wp\/v2\/product"}],"about":[{"href":"https:\/\/www.ernstbrunn-apotheke.at\/katalog\/wp-json\/wp\/v2\/types\/product"}],"wp:featuredmedia":[{"embeddable":true,"href":"https:\/\/www.ernstbrunn-apotheke.at\/katalog\/wp-json\/wp\/v2\/media\/32961"}],"wp:attachment":[{"href":"https:\/\/www.ernstbrunn-apotheke.at\/katalog\/wp-json\/wp\/v2\/media?parent=32959"}],"wp:term":[{"taxonomy":"product_brand","embeddable":true,"href":"https:\/\/www.ernstbrunn-apotheke.at\/katalog\/wp-json\/wp\/v2\/product_brand?post=32959"},{"taxonomy":"product_cat","embeddable":true,"href":"https:\/\/www.ernstbrunn-apotheke.at\/katalog\/wp-json\/wp\/v2\/product_cat?post=32959"},{"taxonomy":"product_tag","embeddable":true,"href":"https:\/\/www.ernstbrunn-apotheke.at\/katalog\/wp-json\/wp\/v2\/product_tag?post=32959"}],"curies":[{"name":"wp","href":"https:\/\/api.w.org\/{rel}","templated":true}]}}