{"id":32873,"date":"2025-11-10T11:44:20","date_gmt":"2025-11-10T10:44:20","guid":{"rendered":"https:\/\/www.ernstbrunn-apotheke.at\/katalog\/produkt\/lehar-carlisan-schwedenbitter-original-zuckerfrei-500-ml\/"},"modified":"2025-12-08T15:22:42","modified_gmt":"2025-12-08T14:22:42","slug":"lehar-carlisan-schwedenbitter-original-zuckerfrei-500-ml","status":"publish","type":"product","link":"https:\/\/www.ernstbrunn-apotheke.at\/katalog\/produkt\/lehar-carlisan-schwedenbitter-original-zuckerfrei-500-ml\/","title":{"rendered":"Lehar Carlisan Schwedenbitter Original Zuckerfrei 500 ml"},"content":{"rendered":"<p>Der Original Lehar Carlisan Schwedenbitter ist eine wohlschmeckende Komposition aus feinsten Kr\u00e4utern, Wurzeln und Gew\u00fcrzen. Seinen feinherben Geschmack erh\u00e4lt er durch Galgant, Zitterwurzel und Gew\u00fcrznelken. Das qualitativ hochwertige Mazerat wird nach l\u00e4ngerer Lagerung abgepresst. Jetzt online bestellen!<\/p>\n","protected":false},"excerpt":{"rendered":"<p>Der Original Lehar Carlisan Schwedenbitter ist eine wohlschmeckende Komposition aus feinsten Kr\u00e4utern, Wurzeln und Gew\u00fcrzen. Seinen feinherben Geschmack erh\u00e4lt er durch Galgant, Zitterwurzel und Gew\u00fcrznelken. Das qualitativ hochwertige Mazerat wird nach l\u00e4ngerer Lagerung abgepresst. Jetzt online bestellen!<\/p>\n","protected":false},"featured_media":32875,"template":"","meta":{"_acf_changed":false},"product_brand":[],"product_cat":[795],"product_tag":[],"class_list":{"0":"post-32873","1":"product","2":"type-product","3":"status-publish","4":"has-post-thumbnail","6":"product_cat-l","7":"pa_packungsgroesse-500ml","9":"first","10":"instock","11":"shipping-taxable","12":"purchasable","13":"product-type-simple"},"acf":[],"_links":{"self":[{"href":"https:\/\/www.ernstbrunn-apotheke.at\/katalog\/wp-json\/wp\/v2\/product\/32873","targetHints":{"allow":["GET"]}}],"collection":[{"href":"https:\/\/www.ernstbrunn-apotheke.at\/katalog\/wp-json\/wp\/v2\/product"}],"about":[{"href":"https:\/\/www.ernstbrunn-apotheke.at\/katalog\/wp-json\/wp\/v2\/types\/product"}],"wp:featuredmedia":[{"embeddable":true,"href":"https:\/\/www.ernstbrunn-apotheke.at\/katalog\/wp-json\/wp\/v2\/media\/32875"}],"wp:attachment":[{"href":"https:\/\/www.ernstbrunn-apotheke.at\/katalog\/wp-json\/wp\/v2\/media?parent=32873"}],"wp:term":[{"taxonomy":"product_brand","embeddable":true,"href":"https:\/\/www.ernstbrunn-apotheke.at\/katalog\/wp-json\/wp\/v2\/product_brand?post=32873"},{"taxonomy":"product_cat","embeddable":true,"href":"https:\/\/www.ernstbrunn-apotheke.at\/katalog\/wp-json\/wp\/v2\/product_cat?post=32873"},{"taxonomy":"product_tag","embeddable":true,"href":"https:\/\/www.ernstbrunn-apotheke.at\/katalog\/wp-json\/wp\/v2\/product_tag?post=32873"}],"curies":[{"name":"wp","href":"https:\/\/api.w.org\/{rel}","templated":true}]}}