{"id":32850,"date":"2025-11-10T11:44:06","date_gmt":"2025-11-10T10:44:06","guid":{"rendered":"https:\/\/www.ernstbrunn-apotheke.at\/katalog\/produkt\/npd-mariendistel-oel-bio-100-ml\/"},"modified":"2025-12-08T15:22:29","modified_gmt":"2025-12-08T14:22:29","slug":"npd-mariendistel-oel-bio-100-ml","status":"publish","type":"product","link":"https:\/\/www.ernstbrunn-apotheke.at\/katalog\/produkt\/npd-mariendistel-oel-bio-100-ml\/","title":{"rendered":"NPD Mariendistel \u00d6l Bio 100 ml"},"content":{"rendered":"<p>NP&#038;D ist ein Produktions- und Handelsbetrieb mit Schwerpunkt Pflanzen\u00f6le und Fette f\u00fcr Nahrung und Kosmetik sowie \u00c4therische \u00d6le. Viele unserer Produkte sind aus kontrolliert biologischen Anbau und zertifiziert durch die Austria Bio Garantie.<\/p>\n","protected":false},"excerpt":{"rendered":"<p>NP&#038;D ist ein Produktions- und Handelsbetrieb mit Schwerpunkt Pflanzen\u00f6le und Fette f\u00fcr Nahrung und Kosmetik sowie \u00c4therische \u00d6le. Viele unserer Produkte sind aus kontrolliert biologischen Anbau und zertifiziert durch die Austria Bio Garantie.<\/p>\n","protected":false},"featured_media":32852,"template":"","meta":{"_acf_changed":false},"product_brand":[],"product_cat":[797],"product_tag":[],"class_list":{"0":"post-32850","1":"product","2":"type-product","3":"status-publish","4":"has-post-thumbnail","6":"product_cat-n","7":"pa_packungsgroesse-100ml","9":"first","10":"instock","11":"shipping-taxable","12":"purchasable","13":"product-type-simple"},"acf":[],"_links":{"self":[{"href":"https:\/\/www.ernstbrunn-apotheke.at\/katalog\/wp-json\/wp\/v2\/product\/32850","targetHints":{"allow":["GET"]}}],"collection":[{"href":"https:\/\/www.ernstbrunn-apotheke.at\/katalog\/wp-json\/wp\/v2\/product"}],"about":[{"href":"https:\/\/www.ernstbrunn-apotheke.at\/katalog\/wp-json\/wp\/v2\/types\/product"}],"wp:featuredmedia":[{"embeddable":true,"href":"https:\/\/www.ernstbrunn-apotheke.at\/katalog\/wp-json\/wp\/v2\/media\/32852"}],"wp:attachment":[{"href":"https:\/\/www.ernstbrunn-apotheke.at\/katalog\/wp-json\/wp\/v2\/media?parent=32850"}],"wp:term":[{"taxonomy":"product_brand","embeddable":true,"href":"https:\/\/www.ernstbrunn-apotheke.at\/katalog\/wp-json\/wp\/v2\/product_brand?post=32850"},{"taxonomy":"product_cat","embeddable":true,"href":"https:\/\/www.ernstbrunn-apotheke.at\/katalog\/wp-json\/wp\/v2\/product_cat?post=32850"},{"taxonomy":"product_tag","embeddable":true,"href":"https:\/\/www.ernstbrunn-apotheke.at\/katalog\/wp-json\/wp\/v2\/product_tag?post=32850"}],"curies":[{"name":"wp","href":"https:\/\/api.w.org\/{rel}","templated":true}]}}